{"id":43,"date":"2012-12-10T05:34:22","date_gmt":"2012-12-10T03:34:22","guid":{"rendered":"http:\/\/pihlo.rtwblog.de\/?page_id=43"},"modified":"2012-12-29T10:31:19","modified_gmt":"2012-12-29T09:31:19","slug":"k26","status":"publish","type":"page","link":"https:\/\/ihlo.ihlo.eu\/?page_id=43","title":{"rendered":"K26"},"content":{"rendered":"<p>Hier ist erst mal ein Bild der letzten K26. K26 bedeutet alle Kantone der Schweiz in einer Tour abzufahren. Es gab diese Tour bisher schon 2 mal &#8211; einmal wurden die Hauptst\u00e4dte der Kantone und beim n\u00e4chsten mal die kleinsten Gemeinden angefahren.<\/p>\n<p>Startpunkt war einmal Z\u00fcrich und einmal Freienbach. Die erste Tour dauerte 4 Tage (das ist hart), beim zweiten mal haben wir uns 5 Tage geg\u00f6nnt. Wie bei den anderen Touren auch lege ichWert auf &#8222;besondere&#8220; Unterk\u00fcnfte. Sprich &#8211; kein Etap, sondern immer etwas das auch &#8222;Charme&#8220; hat.<\/p>\n<ul>\n<li>Geeignet f\u00fcr bis zu 8 Mitfahrer &#8211; <strong>Auch f\u00fcr L-Fahrer geeignet<\/strong><\/li>\n<li>Tagesstrecke zwischen 300 und 450km (Summe 1.700km)<\/li>\n<li>5 Tage<\/li>\n<li>Kosten f\u00fcr Hotel, Maut und F\u00e4hre und 2 Abendessen rund 500\u20ac<\/li>\n<\/ul>\n<p><a href=\"https:\/\/ihlo.ch\/wordpress\/?attachment_id=7\" rel=\"attachment wp-att-7\"><img data-recalc-dims=\"1\" loading=\"lazy\" decoding=\"async\" data-attachment-id=\"7\" data-permalink=\"https:\/\/ihlo.ihlo.eu\/?attachment_id=7\" data-orig-file=\"https:\/\/i0.wp.com\/ihlo.ihlo.eu\/..\/wpimg\/2012\/12\/K26-alles.jpg?fit=800%2C441&amp;ssl=1\" data-orig-size=\"800,441\" data-comments-opened=\"1\" data-image-meta=\"{&quot;aperture&quot;:&quot;0&quot;,&quot;credit&quot;:&quot;Picasa&quot;,&quot;camera&quot;:&quot;&quot;,&quot;caption&quot;:&quot;&quot;,&quot;created_timestamp&quot;:&quot;1246920030&quot;,&quot;copyright&quot;:&quot;&quot;,&quot;focal_length&quot;:&quot;0&quot;,&quot;iso&quot;:&quot;0&quot;,&quot;shutter_speed&quot;:&quot;0&quot;,&quot;title&quot;:&quot;&quot;}\" data-image-title=\"K26 &#8211; alles\" data-image-description=\"\" data-image-caption=\"\" data-medium-file=\"https:\/\/i0.wp.com\/ihlo.ihlo.eu\/..\/wpimg\/2012\/12\/K26-alles.jpg?fit=300%2C165&amp;ssl=1\" data-large-file=\"https:\/\/i0.wp.com\/ihlo.ihlo.eu\/..\/wpimg\/2012\/12\/K26-alles.jpg?fit=474%2C261&amp;ssl=1\" class=\"alignright size-full wp-image-7\" title=\"K26 - alles\" alt=\"\" src=\"https:\/\/i0.wp.com\/ihlo.ch\/wordpress\/..\/wpimg\/2012\/12\/K26-alles.jpg?resize=474%2C261&#038;ssl=1\" width=\"474\" height=\"261\" srcset=\"https:\/\/i0.wp.com\/ihlo.ihlo.eu\/..\/wpimg\/2012\/12\/K26-alles.jpg?w=800&amp;ssl=1 800w, https:\/\/i0.wp.com\/ihlo.ihlo.eu\/..\/wpimg\/2012\/12\/K26-alles.jpg?resize=300%2C165&amp;ssl=1 300w, https:\/\/i0.wp.com\/ihlo.ihlo.eu\/..\/wpimg\/2012\/12\/K26-alles.jpg?resize=500%2C275&amp;ssl=1 500w\" sizes=\"(max-width: 474px) 100vw, 474px\" \/><\/a><\/p>\n<p>&nbsp;<\/p>\n<p>&nbsp;<\/p>\n<p>&nbsp;<\/p>\n<p>&nbsp;<\/p>\n<p>&nbsp;<\/p>\n<h3>Related Images:<\/h3>","protected":false},"excerpt":{"rendered":"<p>Hier ist erst mal ein Bild der letzten K26. K26 bedeutet alle Kantone der Schweiz in einer Tour abzufahren. Es gab diese Tour bisher schon 2 mal &#8211; einmal wurden die Hauptst\u00e4dte der Kantone und beim n\u00e4chsten mal die kleinsten Gemeinden angefahren. Startpunkt war einmal Z\u00fcrich und einmal Freienbach. Die erste Tour dauerte 4 Tage &hellip; <a href=\"https:\/\/ihlo.ihlo.eu\/?page_id=43\" class=\"more-link\"><span class=\"screen-reader-text\">K26<\/span> weiterlesen <span class=\"meta-nav\">&rarr;<\/span><\/a><\/p>\n","protected":false},"author":2,"featured_media":7,"parent":29,"menu_order":0,"comment_status":"open","ping_status":"closed","template":"","meta":{"ngg_post_thumbnail":0,"jetpack_post_was_ever_published":false,"footnotes":""},"class_list":["post-43","page","type-page","status-publish","has-post-thumbnail","hentry"],"yoast_head":"<!-- This site is optimized with the Yoast SEO plugin v25.6 - https:\/\/yoast.com\/wordpress\/plugins\/seo\/ -->\n<title>K26 - Peter Ihlo - My Way, Long Distance Coffeetours and the rest<\/title>\n<meta name=\"robots\" content=\"index, follow, max-snippet:-1, max-image-preview:large, max-video-preview:-1\" \/>\n<link rel=\"canonical\" href=\"https:\/\/ihlo.ihlo.eu\/?page_id=43\" \/>\n<meta property=\"og:locale\" content=\"de_DE\" \/>\n<meta property=\"og:type\" content=\"article\" \/>\n<meta property=\"og:title\" content=\"K26 - Peter Ihlo - My Way, Long Distance Coffeetours and the rest\" \/>\n<meta property=\"og:description\" content=\"Hier ist erst mal ein Bild der letzten K26. K26 bedeutet alle Kantone der Schweiz in einer Tour abzufahren. Es gab diese Tour bisher schon 2 mal &#8211; einmal wurden die Hauptst\u00e4dte der Kantone und beim n\u00e4chsten mal die kleinsten Gemeinden angefahren. Startpunkt war einmal Z\u00fcrich und einmal Freienbach. Die erste Tour dauerte 4 Tage &hellip; K26 weiterlesen &rarr;\" \/>\n<meta property=\"og:url\" content=\"https:\/\/ihlo.ihlo.eu\/?page_id=43\" \/>\n<meta property=\"og:site_name\" content=\"Peter Ihlo - My Way, Long Distance Coffeetours and the rest\" \/>\n<meta property=\"article:publisher\" content=\"https:\/\/www.facebook.com\/pihlo99\" \/>\n<meta property=\"article:modified_time\" content=\"2012-12-29T09:31:19+00:00\" \/>\n<meta property=\"og:image\" content=\"https:\/\/i0.wp.com\/ihlo.ihlo.eu\/..\/wpimg\/2012\/12\/K26-alles.jpg?fit=800%2C441&ssl=1\" \/>\n\t<meta property=\"og:image:width\" content=\"800\" \/>\n\t<meta property=\"og:image:height\" content=\"441\" \/>\n\t<meta property=\"og:image:type\" content=\"image\/jpeg\" \/>\n<meta name=\"twitter:label1\" content=\"Gesch\u00e4tzte Lesezeit\" \/>\n\t<meta name=\"twitter:data1\" content=\"1\u00a0Minute\" \/>\n<script type=\"application\/ld+json\" class=\"yoast-schema-graph\">{\"@context\":\"https:\/\/schema.org\",\"@graph\":[{\"@type\":\"WebPage\",\"@id\":\"https:\/\/ihlo.ihlo.eu\/?page_id=43\",\"url\":\"https:\/\/ihlo.ihlo.eu\/?page_id=43\",\"name\":\"K26 - Peter Ihlo - My Way, Long Distance Coffeetours and the rest\",\"isPartOf\":{\"@id\":\"https:\/\/ihlo.ihlo.eu\/#website\"},\"primaryImageOfPage\":{\"@id\":\"https:\/\/ihlo.ihlo.eu\/?page_id=43#primaryimage\"},\"image\":{\"@id\":\"https:\/\/ihlo.ihlo.eu\/?page_id=43#primaryimage\"},\"thumbnailUrl\":\"https:\/\/i0.wp.com\/ihlo.ihlo.eu\/..\/wpimg\/2012\/12\/K26-alles.jpg?fit=800%2C441&ssl=1\",\"datePublished\":\"2012-12-10T03:34:22+00:00\",\"dateModified\":\"2012-12-29T09:31:19+00:00\",\"breadcrumb\":{\"@id\":\"https:\/\/ihlo.ihlo.eu\/?page_id=43#breadcrumb\"},\"inLanguage\":\"de\",\"potentialAction\":[{\"@type\":\"ReadAction\",\"target\":[\"https:\/\/ihlo.ihlo.eu\/?page_id=43\"]}]},{\"@type\":\"ImageObject\",\"inLanguage\":\"de\",\"@id\":\"https:\/\/ihlo.ihlo.eu\/?page_id=43#primaryimage\",\"url\":\"https:\/\/i0.wp.com\/ihlo.ihlo.eu\/..\/wpimg\/2012\/12\/K26-alles.jpg?fit=800%2C441&ssl=1\",\"contentUrl\":\"https:\/\/i0.wp.com\/ihlo.ihlo.eu\/..\/wpimg\/2012\/12\/K26-alles.jpg?fit=800%2C441&ssl=1\",\"width\":\"800\",\"height\":\"441\"},{\"@type\":\"BreadcrumbList\",\"@id\":\"https:\/\/ihlo.ihlo.eu\/?page_id=43#breadcrumb\",\"itemListElement\":[{\"@type\":\"ListItem\",\"position\":1,\"name\":\"Home\",\"item\":\"https:\/\/ihlo.ihlo.eu\/\"},{\"@type\":\"ListItem\",\"position\":2,\"name\":\"Tourguide\",\"item\":\"https:\/\/ihlo.ihlo.eu\/?page_id=29\"},{\"@type\":\"ListItem\",\"position\":3,\"name\":\"K26\"}]},{\"@type\":\"WebSite\",\"@id\":\"https:\/\/ihlo.ihlo.eu\/#website\",\"url\":\"https:\/\/ihlo.ihlo.eu\/\",\"name\":\"Peter Ihlo - My Way, Long Distance Coffeetours and the rest\",\"description\":\"T\u00f6ff - Long Distance Rides und Rallys\",\"potentialAction\":[{\"@type\":\"SearchAction\",\"target\":{\"@type\":\"EntryPoint\",\"urlTemplate\":\"https:\/\/ihlo.ihlo.eu\/?s={search_term_string}\"},\"query-input\":{\"@type\":\"PropertyValueSpecification\",\"valueRequired\":true,\"valueName\":\"search_term_string\"}}],\"inLanguage\":\"de\"}]}<\/script>\n<!-- \/ Yoast SEO plugin. -->","yoast_head_json":{"title":"K26 - Peter Ihlo - My Way, Long Distance Coffeetours and the rest","robots":{"index":"index","follow":"follow","max-snippet":"max-snippet:-1","max-image-preview":"max-image-preview:large","max-video-preview":"max-video-preview:-1"},"canonical":"https:\/\/ihlo.ihlo.eu\/?page_id=43","og_locale":"de_DE","og_type":"article","og_title":"K26 - Peter Ihlo - My Way, Long Distance Coffeetours and the rest","og_description":"Hier ist erst mal ein Bild der letzten K26. K26 bedeutet alle Kantone der Schweiz in einer Tour abzufahren. Es gab diese Tour bisher schon 2 mal &#8211; einmal wurden die Hauptst\u00e4dte der Kantone und beim n\u00e4chsten mal die kleinsten Gemeinden angefahren. Startpunkt war einmal Z\u00fcrich und einmal Freienbach. Die erste Tour dauerte 4 Tage &hellip; K26 weiterlesen &rarr;","og_url":"https:\/\/ihlo.ihlo.eu\/?page_id=43","og_site_name":"Peter Ihlo - My Way, Long Distance Coffeetours and the rest","article_publisher":"https:\/\/www.facebook.com\/pihlo99","article_modified_time":"2012-12-29T09:31:19+00:00","og_image":[{"width":800,"height":441,"url":"https:\/\/i0.wp.com\/ihlo.ihlo.eu\/..\/wpimg\/2012\/12\/K26-alles.jpg?fit=800%2C441&ssl=1","type":"image\/jpeg"}],"twitter_misc":{"Gesch\u00e4tzte Lesezeit":"1\u00a0Minute"},"schema":{"@context":"https:\/\/schema.org","@graph":[{"@type":"WebPage","@id":"https:\/\/ihlo.ihlo.eu\/?page_id=43","url":"https:\/\/ihlo.ihlo.eu\/?page_id=43","name":"K26 - Peter Ihlo - My Way, Long Distance Coffeetours and the rest","isPartOf":{"@id":"https:\/\/ihlo.ihlo.eu\/#website"},"primaryImageOfPage":{"@id":"https:\/\/ihlo.ihlo.eu\/?page_id=43#primaryimage"},"image":{"@id":"https:\/\/ihlo.ihlo.eu\/?page_id=43#primaryimage"},"thumbnailUrl":"https:\/\/i0.wp.com\/ihlo.ihlo.eu\/..\/wpimg\/2012\/12\/K26-alles.jpg?fit=800%2C441&ssl=1","datePublished":"2012-12-10T03:34:22+00:00","dateModified":"2012-12-29T09:31:19+00:00","breadcrumb":{"@id":"https:\/\/ihlo.ihlo.eu\/?page_id=43#breadcrumb"},"inLanguage":"de","potentialAction":[{"@type":"ReadAction","target":["https:\/\/ihlo.ihlo.eu\/?page_id=43"]}]},{"@type":"ImageObject","inLanguage":"de","@id":"https:\/\/ihlo.ihlo.eu\/?page_id=43#primaryimage","url":"https:\/\/i0.wp.com\/ihlo.ihlo.eu\/..\/wpimg\/2012\/12\/K26-alles.jpg?fit=800%2C441&ssl=1","contentUrl":"https:\/\/i0.wp.com\/ihlo.ihlo.eu\/..\/wpimg\/2012\/12\/K26-alles.jpg?fit=800%2C441&ssl=1","width":"800","height":"441"},{"@type":"BreadcrumbList","@id":"https:\/\/ihlo.ihlo.eu\/?page_id=43#breadcrumb","itemListElement":[{"@type":"ListItem","position":1,"name":"Home","item":"https:\/\/ihlo.ihlo.eu\/"},{"@type":"ListItem","position":2,"name":"Tourguide","item":"https:\/\/ihlo.ihlo.eu\/?page_id=29"},{"@type":"ListItem","position":3,"name":"K26"}]},{"@type":"WebSite","@id":"https:\/\/ihlo.ihlo.eu\/#website","url":"https:\/\/ihlo.ihlo.eu\/","name":"Peter Ihlo - My Way, Long Distance Coffeetours and the rest","description":"T\u00f6ff - Long Distance Rides und Rallys","potentialAction":[{"@type":"SearchAction","target":{"@type":"EntryPoint","urlTemplate":"https:\/\/ihlo.ihlo.eu\/?s={search_term_string}"},"query-input":{"@type":"PropertyValueSpecification","valueRequired":true,"valueName":"search_term_string"}}],"inLanguage":"de"}]}},"jetpack_sharing_enabled":true,"jetpack_shortlink":"https:\/\/wp.me\/P70R2L-H","jetpack-related-posts":[],"_links":{"self":[{"href":"https:\/\/ihlo.ihlo.eu\/index.php?rest_route=\/wp\/v2\/pages\/43"}],"collection":[{"href":"https:\/\/ihlo.ihlo.eu\/index.php?rest_route=\/wp\/v2\/pages"}],"about":[{"href":"https:\/\/ihlo.ihlo.eu\/index.php?rest_route=\/wp\/v2\/types\/page"}],"author":[{"embeddable":true,"href":"https:\/\/ihlo.ihlo.eu\/index.php?rest_route=\/wp\/v2\/users\/2"}],"replies":[{"embeddable":true,"href":"https:\/\/ihlo.ihlo.eu\/index.php?rest_route=%2Fwp%2Fv2%2Fcomments&post=43"}],"version-history":[{"count":8,"href":"https:\/\/ihlo.ihlo.eu\/index.php?rest_route=\/wp\/v2\/pages\/43\/revisions"}],"predecessor-version":[{"id":126,"href":"https:\/\/ihlo.ihlo.eu\/index.php?rest_route=\/wp\/v2\/pages\/43\/revisions\/126"}],"up":[{"embeddable":true,"href":"https:\/\/ihlo.ihlo.eu\/index.php?rest_route=\/wp\/v2\/pages\/29"}],"wp:featuredmedia":[{"embeddable":true,"href":"https:\/\/ihlo.ihlo.eu\/index.php?rest_route=\/wp\/v2\/media\/7"}],"wp:attachment":[{"href":"https:\/\/ihlo.ihlo.eu\/index.php?rest_route=%2Fwp%2Fv2%2Fmedia&parent=43"}],"curies":[{"name":"wp","href":"https:\/\/api.w.org\/{rel}","templated":true}]}}