{"id":41,"date":"2012-12-10T05:33:54","date_gmt":"2012-12-10T03:33:54","guid":{"rendered":"http:\/\/pihlo.rtwblog.de\/?page_id=41"},"modified":"2012-12-18T19:25:22","modified_gmt":"2012-12-18T18:25:22","slug":"rund-um-ch","status":"publish","type":"page","link":"https:\/\/ihlo.ihlo.eu\/?page_id=41","title":{"rendered":"Rund um Schweiz"},"content":{"rendered":"<p>ngg_shortcode_0_placeholderHier ist erst mal ein Bild der letzten Tour rund um die Schweiz. Wie man sieht handelt es sich um eine Tour \u00fcber 6 Tage &#8211; Einstiegspunkt war beim letzten mal das kleine franz\u00f6sische Dorf <a title=\"Village-Neuf\" href=\"http:\/\/www.mairie-village-neuf.fr\/\" target=\"_blank\">Village-Neuf<\/a> &#8211; auch bekannt als Hexenparadies ;). Von dort ging es gegen den Uhrzeigersinn erst durchs Jura, dann \u00fcber Frankreich, Italien \u00d6sterreich und Deutschland wieder zum Ausgangsort zur\u00fcck. Kosten dieser Tour pro Person rund 500\u20ac (Hotel, F\u00e4hre, Maut, 2 Abendessen)<\/p>\n<ul>\n<li>Geeignet f\u00fcr bis zu 8 Mitfahrer<\/li>\n<li>Tagesstrecke zwischen 250 und 400km (Summe 2.100km)<\/li>\n<li>6 Tage<\/li>\n<li>Kosten f\u00fcr Hotel, Maut und F\u00e4hre und 2 Abendessen rund 500\u20ac<\/li>\n<\/ul>\n<p>Hier mal in<a href=\"https:\/\/ihlo.ch\/wordpress\/..\/wpimg\/2012\/12\/RUND-um-SCHWEIZ2012-ENDE.gpx\"> Link zur groben Route<\/a><\/p>\n<p><a href=\"https:\/\/ihlo.ch\/wordpress\/?attachment_id=83\" rel=\"attachment wp-att-83\"><img data-recalc-dims=\"1\" loading=\"lazy\" decoding=\"async\" title=\"RundUmSchweiz\" alt=\"\" src=\"https:\/\/i0.wp.com\/ihlo.ch\/wordpress\/..\/wpimg\/2012\/12\/RundUmSchweiz.jpg?resize=474%2C293&#038;ssl=1\" width=\"474\" height=\"293\" \/><\/a><\/p>\n<h3>Related Images:<\/h3>","protected":false},"excerpt":{"rendered":"<p>Hier ist erst mal ein Bild der letzten Tour rund um die Schweiz. Wie man sieht handelt es sich um eine Tour \u00fcber 6 Tage &#8211; Einstiegspunkt war beim letzten mal das kleine franz\u00f6sische Dorf Village-Neuf &#8211; auch bekannt als Hexenparadies ;). Von dort ging es gegen den Uhrzeigersinn erst durchs Jura, dann \u00fcber Frankreich, &hellip; <a href=\"https:\/\/ihlo.ihlo.eu\/?page_id=41\" class=\"more-link\"><span class=\"screen-reader-text\">Rund um Schweiz<\/span> weiterlesen <span class=\"meta-nav\">&rarr;<\/span><\/a><\/p>\n","protected":false},"author":2,"featured_media":83,"parent":29,"menu_order":0,"comment_status":"open","ping_status":"closed","template":"","meta":{"ngg_post_thumbnail":0,"jetpack_post_was_ever_published":false,"footnotes":""},"class_list":["post-41","page","type-page","status-publish","has-post-thumbnail","hentry"],"yoast_head":"<!-- This site is optimized with the Yoast SEO plugin v25.6 - https:\/\/yoast.com\/wordpress\/plugins\/seo\/ -->\n<title>Rund um Schweiz - Peter Ihlo - My Way, Long Distance Coffeetours and the rest<\/title>\n<meta name=\"robots\" content=\"index, follow, max-snippet:-1, max-image-preview:large, max-video-preview:-1\" \/>\n<link rel=\"canonical\" href=\"https:\/\/ihlo.ihlo.eu\/?page_id=41\" \/>\n<meta property=\"og:locale\" content=\"de_DE\" \/>\n<meta property=\"og:type\" content=\"article\" \/>\n<meta property=\"og:title\" content=\"Rund um Schweiz - Peter Ihlo - My Way, Long Distance Coffeetours and the rest\" \/>\n<meta property=\"og:description\" content=\"Hier ist erst mal ein Bild der letzten Tour rund um die Schweiz. Wie man sieht handelt es sich um eine Tour \u00fcber 6 Tage &#8211; Einstiegspunkt war beim letzten mal das kleine franz\u00f6sische Dorf Village-Neuf &#8211; auch bekannt als Hexenparadies ;). Von dort ging es gegen den Uhrzeigersinn erst durchs Jura, dann \u00fcber Frankreich, &hellip; Rund um Schweiz weiterlesen &rarr;\" \/>\n<meta property=\"og:url\" content=\"https:\/\/ihlo.ihlo.eu\/?page_id=41\" \/>\n<meta property=\"og:site_name\" content=\"Peter Ihlo - My Way, Long Distance Coffeetours and the rest\" \/>\n<meta property=\"article:publisher\" content=\"https:\/\/www.facebook.com\/pihlo99\" \/>\n<meta property=\"article:modified_time\" content=\"2012-12-18T18:25:22+00:00\" \/>\n<meta property=\"og:image\" content=\"https:\/\/i0.wp.com\/ihlo.ihlo.eu\/..\/wpimg\/2012\/12\/RundUmSchweiz.jpg?fit=896%2C554&ssl=1\" \/>\n\t<meta property=\"og:image:width\" content=\"896\" \/>\n\t<meta property=\"og:image:height\" content=\"554\" \/>\n\t<meta property=\"og:image:type\" content=\"image\/jpeg\" \/>\n<meta name=\"twitter:label1\" content=\"Gesch\u00e4tzte Lesezeit\" \/>\n\t<meta name=\"twitter:data1\" content=\"1\u00a0Minute\" \/>\n<script type=\"application\/ld+json\" class=\"yoast-schema-graph\">{\"@context\":\"https:\/\/schema.org\",\"@graph\":[{\"@type\":\"WebPage\",\"@id\":\"https:\/\/ihlo.ihlo.eu\/?page_id=41\",\"url\":\"https:\/\/ihlo.ihlo.eu\/?page_id=41\",\"name\":\"Rund um Schweiz - Peter Ihlo - My Way, Long Distance Coffeetours and the rest\",\"isPartOf\":{\"@id\":\"https:\/\/ihlo.ihlo.eu\/#website\"},\"primaryImageOfPage\":{\"@id\":\"https:\/\/ihlo.ihlo.eu\/?page_id=41#primaryimage\"},\"image\":{\"@id\":\"https:\/\/ihlo.ihlo.eu\/?page_id=41#primaryimage\"},\"thumbnailUrl\":\"https:\/\/i0.wp.com\/ihlo.ihlo.eu\/..\/wpimg\/2012\/12\/RundUmSchweiz.jpg?fit=896%2C554&ssl=1\",\"datePublished\":\"2012-12-10T03:33:54+00:00\",\"dateModified\":\"2012-12-18T18:25:22+00:00\",\"breadcrumb\":{\"@id\":\"https:\/\/ihlo.ihlo.eu\/?page_id=41#breadcrumb\"},\"inLanguage\":\"de\",\"potentialAction\":[{\"@type\":\"ReadAction\",\"target\":[\"https:\/\/ihlo.ihlo.eu\/?page_id=41\"]}]},{\"@type\":\"ImageObject\",\"inLanguage\":\"de\",\"@id\":\"https:\/\/ihlo.ihlo.eu\/?page_id=41#primaryimage\",\"url\":\"https:\/\/i0.wp.com\/ihlo.ihlo.eu\/..\/wpimg\/2012\/12\/RundUmSchweiz.jpg?fit=896%2C554&ssl=1\",\"contentUrl\":\"https:\/\/i0.wp.com\/ihlo.ihlo.eu\/..\/wpimg\/2012\/12\/RundUmSchweiz.jpg?fit=896%2C554&ssl=1\",\"width\":\"896\",\"height\":\"554\"},{\"@type\":\"BreadcrumbList\",\"@id\":\"https:\/\/ihlo.ihlo.eu\/?page_id=41#breadcrumb\",\"itemListElement\":[{\"@type\":\"ListItem\",\"position\":1,\"name\":\"Home\",\"item\":\"https:\/\/ihlo.ihlo.eu\/\"},{\"@type\":\"ListItem\",\"position\":2,\"name\":\"Tourguide\",\"item\":\"https:\/\/ihlo.ihlo.eu\/?page_id=29\"},{\"@type\":\"ListItem\",\"position\":3,\"name\":\"Rund um Schweiz\"}]},{\"@type\":\"WebSite\",\"@id\":\"https:\/\/ihlo.ihlo.eu\/#website\",\"url\":\"https:\/\/ihlo.ihlo.eu\/\",\"name\":\"Peter Ihlo - My Way, Long Distance Coffeetours and the rest\",\"description\":\"T\u00f6ff - Long Distance Rides und Rallys\",\"potentialAction\":[{\"@type\":\"SearchAction\",\"target\":{\"@type\":\"EntryPoint\",\"urlTemplate\":\"https:\/\/ihlo.ihlo.eu\/?s={search_term_string}\"},\"query-input\":{\"@type\":\"PropertyValueSpecification\",\"valueRequired\":true,\"valueName\":\"search_term_string\"}}],\"inLanguage\":\"de\"}]}<\/script>\n<!-- \/ Yoast SEO plugin. -->","yoast_head_json":{"title":"Rund um Schweiz - Peter Ihlo - My Way, Long Distance Coffeetours and the rest","robots":{"index":"index","follow":"follow","max-snippet":"max-snippet:-1","max-image-preview":"max-image-preview:large","max-video-preview":"max-video-preview:-1"},"canonical":"https:\/\/ihlo.ihlo.eu\/?page_id=41","og_locale":"de_DE","og_type":"article","og_title":"Rund um Schweiz - Peter Ihlo - My Way, Long Distance Coffeetours and the rest","og_description":"Hier ist erst mal ein Bild der letzten Tour rund um die Schweiz. Wie man sieht handelt es sich um eine Tour \u00fcber 6 Tage &#8211; Einstiegspunkt war beim letzten mal das kleine franz\u00f6sische Dorf Village-Neuf &#8211; auch bekannt als Hexenparadies ;). Von dort ging es gegen den Uhrzeigersinn erst durchs Jura, dann \u00fcber Frankreich, &hellip; Rund um Schweiz weiterlesen &rarr;","og_url":"https:\/\/ihlo.ihlo.eu\/?page_id=41","og_site_name":"Peter Ihlo - My Way, Long Distance Coffeetours and the rest","article_publisher":"https:\/\/www.facebook.com\/pihlo99","article_modified_time":"2012-12-18T18:25:22+00:00","og_image":[{"width":896,"height":554,"url":"https:\/\/i0.wp.com\/ihlo.ihlo.eu\/..\/wpimg\/2012\/12\/RundUmSchweiz.jpg?fit=896%2C554&ssl=1","type":"image\/jpeg"}],"twitter_misc":{"Gesch\u00e4tzte Lesezeit":"1\u00a0Minute"},"schema":{"@context":"https:\/\/schema.org","@graph":[{"@type":"WebPage","@id":"https:\/\/ihlo.ihlo.eu\/?page_id=41","url":"https:\/\/ihlo.ihlo.eu\/?page_id=41","name":"Rund um Schweiz - Peter Ihlo - My Way, Long Distance Coffeetours and the rest","isPartOf":{"@id":"https:\/\/ihlo.ihlo.eu\/#website"},"primaryImageOfPage":{"@id":"https:\/\/ihlo.ihlo.eu\/?page_id=41#primaryimage"},"image":{"@id":"https:\/\/ihlo.ihlo.eu\/?page_id=41#primaryimage"},"thumbnailUrl":"https:\/\/i0.wp.com\/ihlo.ihlo.eu\/..\/wpimg\/2012\/12\/RundUmSchweiz.jpg?fit=896%2C554&ssl=1","datePublished":"2012-12-10T03:33:54+00:00","dateModified":"2012-12-18T18:25:22+00:00","breadcrumb":{"@id":"https:\/\/ihlo.ihlo.eu\/?page_id=41#breadcrumb"},"inLanguage":"de","potentialAction":[{"@type":"ReadAction","target":["https:\/\/ihlo.ihlo.eu\/?page_id=41"]}]},{"@type":"ImageObject","inLanguage":"de","@id":"https:\/\/ihlo.ihlo.eu\/?page_id=41#primaryimage","url":"https:\/\/i0.wp.com\/ihlo.ihlo.eu\/..\/wpimg\/2012\/12\/RundUmSchweiz.jpg?fit=896%2C554&ssl=1","contentUrl":"https:\/\/i0.wp.com\/ihlo.ihlo.eu\/..\/wpimg\/2012\/12\/RundUmSchweiz.jpg?fit=896%2C554&ssl=1","width":"896","height":"554"},{"@type":"BreadcrumbList","@id":"https:\/\/ihlo.ihlo.eu\/?page_id=41#breadcrumb","itemListElement":[{"@type":"ListItem","position":1,"name":"Home","item":"https:\/\/ihlo.ihlo.eu\/"},{"@type":"ListItem","position":2,"name":"Tourguide","item":"https:\/\/ihlo.ihlo.eu\/?page_id=29"},{"@type":"ListItem","position":3,"name":"Rund um Schweiz"}]},{"@type":"WebSite","@id":"https:\/\/ihlo.ihlo.eu\/#website","url":"https:\/\/ihlo.ihlo.eu\/","name":"Peter Ihlo - My Way, Long Distance Coffeetours and the rest","description":"T\u00f6ff - Long Distance Rides und Rallys","potentialAction":[{"@type":"SearchAction","target":{"@type":"EntryPoint","urlTemplate":"https:\/\/ihlo.ihlo.eu\/?s={search_term_string}"},"query-input":{"@type":"PropertyValueSpecification","valueRequired":true,"valueName":"search_term_string"}}],"inLanguage":"de"}]}},"jetpack_sharing_enabled":true,"jetpack_shortlink":"https:\/\/wp.me\/P70R2L-F","jetpack-related-posts":[],"_links":{"self":[{"href":"https:\/\/ihlo.ihlo.eu\/index.php?rest_route=\/wp\/v2\/pages\/41"}],"collection":[{"href":"https:\/\/ihlo.ihlo.eu\/index.php?rest_route=\/wp\/v2\/pages"}],"about":[{"href":"https:\/\/ihlo.ihlo.eu\/index.php?rest_route=\/wp\/v2\/types\/page"}],"author":[{"embeddable":true,"href":"https:\/\/ihlo.ihlo.eu\/index.php?rest_route=\/wp\/v2\/users\/2"}],"replies":[{"embeddable":true,"href":"https:\/\/ihlo.ihlo.eu\/index.php?rest_route=%2Fwp%2Fv2%2Fcomments&post=41"}],"version-history":[{"count":15,"href":"https:\/\/ihlo.ihlo.eu\/index.php?rest_route=\/wp\/v2\/pages\/41\/revisions"}],"predecessor-version":[{"id":112,"href":"https:\/\/ihlo.ihlo.eu\/index.php?rest_route=\/wp\/v2\/pages\/41\/revisions\/112"}],"up":[{"embeddable":true,"href":"https:\/\/ihlo.ihlo.eu\/index.php?rest_route=\/wp\/v2\/pages\/29"}],"wp:featuredmedia":[{"embeddable":true,"href":"https:\/\/ihlo.ihlo.eu\/index.php?rest_route=\/wp\/v2\/media\/83"}],"wp:attachment":[{"href":"https:\/\/ihlo.ihlo.eu\/index.php?rest_route=%2Fwp%2Fv2%2Fmedia&parent=41"}],"curies":[{"name":"wp","href":"https:\/\/api.w.org\/{rel}","templated":true}]}}