{"id":39,"date":"2012-12-10T05:33:17","date_gmt":"2012-12-10T03:33:17","guid":{"rendered":"http:\/\/pihlo.rtwblog.de\/?page_id=39"},"modified":"2012-12-18T19:25:42","modified_gmt":"2012-12-18T18:25:42","slug":"hoch-hinaus","status":"publish","type":"page","link":"https:\/\/ihlo.ihlo.eu\/?page_id=39","title":{"rendered":"Hoch hinaus"},"content":{"rendered":"<p>ngg_shortcode_0_placeholderIm gegensatz zu <a title=\"Hinterhoefe\" href=\"https:\/\/ihlo.ch\/wordpress\/?page_id=34\" target=\"_blank\">Hinterh\u00f6fe Tour <\/a>handelt es sich um einen 200km Kurs westlich des Z\u00fcrichsees. Diese Tour ist auch eine Ideale Sontagstour und wurde schon mehrmals durchgef\u00fchrt.Die Tour ist auch etwas anspruchsvoller, da es oft durch sehr schmale Strassen und steile Waldst\u00fccke geht. Trotzdem ist sie auch f\u00fcr (ge\u00fcbte) Anf\u00e4nger geeignet.<\/p>\n<p>Von <a title=\"Eni Tankstelle\" href=\"http:\/\/goo.gl\/maps\/fPt3N\" target=\"_blank\">Freienbach SZ (Eni Tankstelle)<\/a> aus geht es durch wunderbare Nebenstrassen von einem See zum n\u00e4chsten. Unterwegs hat es einen Rastplatz wo wir auch die aussicht geniessen k\u00f6nnen.<\/p>\n<p>Danach geht es in verwinkelt wieder zur\u00fcck, nur das der Endpunkt in B\u00e4ch bei der <a title=\"Pizzeria Steinbruch in B\u00e4ch\" href=\"http:\/\/www.pizzeria-steinbruch.ch\/\" target=\"_blank\">Pizzeria Steinbruch <\/a>liegt, wo wir uns auf der Terasse noch ein Rivella g\u00f6nnen k\u00f6nnen oder auch eine Pizza um dann gest\u00e4rkt den Heimweg an zu treten.<\/p>\n<ul>\n<li>Geeignet f\u00fcr beliebig viele Mitfahrer<\/li>\n<li>Tagestour &#8211; 200km<\/li>\n<li>Kosten 20CHF\/Motorrad<\/li>\n<\/ul>\n<h3>Related Images:<\/h3>","protected":false},"excerpt":{"rendered":"<p>Im gegensatz zu Hinterh\u00f6fe Tour handelt es sich um einen 200km Kurs westlich des Z\u00fcrichsees. Diese Tour ist auch eine Ideale Sontagstour und wurde schon mehrmals durchgef\u00fchrt.Die Tour ist auch etwas anspruchsvoller, da es oft durch sehr schmale Strassen und steile Waldst\u00fccke geht. Trotzdem ist sie auch f\u00fcr (ge\u00fcbte) Anf\u00e4nger geeignet. Von Freienbach SZ (Eni &hellip; <a href=\"https:\/\/ihlo.ihlo.eu\/?page_id=39\" class=\"more-link\"><span class=\"screen-reader-text\">Hoch hinaus<\/span> weiterlesen <span class=\"meta-nav\">&rarr;<\/span><\/a><\/p>\n","protected":false},"author":2,"featured_media":0,"parent":29,"menu_order":0,"comment_status":"open","ping_status":"closed","template":"","meta":{"ngg_post_thumbnail":0,"jetpack_post_was_ever_published":false,"footnotes":""},"class_list":["post-39","page","type-page","status-publish","hentry"],"yoast_head":"<!-- This site is optimized with the Yoast SEO plugin v25.6 - https:\/\/yoast.com\/wordpress\/plugins\/seo\/ -->\n<title>Hoch hinaus - Peter Ihlo - My Way, Long Distance Coffeetours and the rest<\/title>\n<meta name=\"robots\" content=\"index, follow, max-snippet:-1, max-image-preview:large, max-video-preview:-1\" \/>\n<link rel=\"canonical\" href=\"https:\/\/ihlo.ihlo.eu\/?page_id=39\" \/>\n<meta property=\"og:locale\" content=\"de_DE\" \/>\n<meta property=\"og:type\" content=\"article\" \/>\n<meta property=\"og:title\" content=\"Hoch hinaus - Peter Ihlo - My Way, Long Distance Coffeetours and the rest\" \/>\n<meta property=\"og:description\" content=\"Im gegensatz zu Hinterh\u00f6fe Tour handelt es sich um einen 200km Kurs westlich des Z\u00fcrichsees. Diese Tour ist auch eine Ideale Sontagstour und wurde schon mehrmals durchgef\u00fchrt.Die Tour ist auch etwas anspruchsvoller, da es oft durch sehr schmale Strassen und steile Waldst\u00fccke geht. Trotzdem ist sie auch f\u00fcr (ge\u00fcbte) Anf\u00e4nger geeignet. Von Freienbach SZ (Eni &hellip; Hoch hinaus weiterlesen &rarr;\" \/>\n<meta property=\"og:url\" content=\"https:\/\/ihlo.ihlo.eu\/?page_id=39\" \/>\n<meta property=\"og:site_name\" content=\"Peter Ihlo - My Way, Long Distance Coffeetours and the rest\" \/>\n<meta property=\"article:publisher\" content=\"https:\/\/www.facebook.com\/pihlo99\" \/>\n<meta property=\"article:modified_time\" content=\"2012-12-18T18:25:42+00:00\" \/>\n<meta name=\"twitter:label1\" content=\"Gesch\u00e4tzte Lesezeit\" \/>\n\t<meta name=\"twitter:data1\" content=\"1\u00a0Minute\" \/>\n<script type=\"application\/ld+json\" class=\"yoast-schema-graph\">{\"@context\":\"https:\/\/schema.org\",\"@graph\":[{\"@type\":\"WebPage\",\"@id\":\"https:\/\/ihlo.ihlo.eu\/?page_id=39\",\"url\":\"https:\/\/ihlo.ihlo.eu\/?page_id=39\",\"name\":\"Hoch hinaus - Peter Ihlo - My Way, Long Distance Coffeetours and the rest\",\"isPartOf\":{\"@id\":\"https:\/\/ihlo.ihlo.eu\/#website\"},\"datePublished\":\"2012-12-10T03:33:17+00:00\",\"dateModified\":\"2012-12-18T18:25:42+00:00\",\"breadcrumb\":{\"@id\":\"https:\/\/ihlo.ihlo.eu\/?page_id=39#breadcrumb\"},\"inLanguage\":\"de\",\"potentialAction\":[{\"@type\":\"ReadAction\",\"target\":[\"https:\/\/ihlo.ihlo.eu\/?page_id=39\"]}]},{\"@type\":\"BreadcrumbList\",\"@id\":\"https:\/\/ihlo.ihlo.eu\/?page_id=39#breadcrumb\",\"itemListElement\":[{\"@type\":\"ListItem\",\"position\":1,\"name\":\"Home\",\"item\":\"https:\/\/ihlo.ihlo.eu\/\"},{\"@type\":\"ListItem\",\"position\":2,\"name\":\"Tourguide\",\"item\":\"https:\/\/ihlo.ihlo.eu\/?page_id=29\"},{\"@type\":\"ListItem\",\"position\":3,\"name\":\"Hoch hinaus\"}]},{\"@type\":\"WebSite\",\"@id\":\"https:\/\/ihlo.ihlo.eu\/#website\",\"url\":\"https:\/\/ihlo.ihlo.eu\/\",\"name\":\"Peter Ihlo - My Way, Long Distance Coffeetours and the rest\",\"description\":\"T\u00f6ff - Long Distance Rides und Rallys\",\"potentialAction\":[{\"@type\":\"SearchAction\",\"target\":{\"@type\":\"EntryPoint\",\"urlTemplate\":\"https:\/\/ihlo.ihlo.eu\/?s={search_term_string}\"},\"query-input\":{\"@type\":\"PropertyValueSpecification\",\"valueRequired\":true,\"valueName\":\"search_term_string\"}}],\"inLanguage\":\"de\"}]}<\/script>\n<!-- \/ Yoast SEO plugin. -->","yoast_head_json":{"title":"Hoch hinaus - Peter Ihlo - My Way, Long Distance Coffeetours and the rest","robots":{"index":"index","follow":"follow","max-snippet":"max-snippet:-1","max-image-preview":"max-image-preview:large","max-video-preview":"max-video-preview:-1"},"canonical":"https:\/\/ihlo.ihlo.eu\/?page_id=39","og_locale":"de_DE","og_type":"article","og_title":"Hoch hinaus - Peter Ihlo - My Way, Long Distance Coffeetours and the rest","og_description":"Im gegensatz zu Hinterh\u00f6fe Tour handelt es sich um einen 200km Kurs westlich des Z\u00fcrichsees. Diese Tour ist auch eine Ideale Sontagstour und wurde schon mehrmals durchgef\u00fchrt.Die Tour ist auch etwas anspruchsvoller, da es oft durch sehr schmale Strassen und steile Waldst\u00fccke geht. Trotzdem ist sie auch f\u00fcr (ge\u00fcbte) Anf\u00e4nger geeignet. Von Freienbach SZ (Eni &hellip; Hoch hinaus weiterlesen &rarr;","og_url":"https:\/\/ihlo.ihlo.eu\/?page_id=39","og_site_name":"Peter Ihlo - My Way, Long Distance Coffeetours and the rest","article_publisher":"https:\/\/www.facebook.com\/pihlo99","article_modified_time":"2012-12-18T18:25:42+00:00","twitter_misc":{"Gesch\u00e4tzte Lesezeit":"1\u00a0Minute"},"schema":{"@context":"https:\/\/schema.org","@graph":[{"@type":"WebPage","@id":"https:\/\/ihlo.ihlo.eu\/?page_id=39","url":"https:\/\/ihlo.ihlo.eu\/?page_id=39","name":"Hoch hinaus - Peter Ihlo - My Way, Long Distance Coffeetours and the rest","isPartOf":{"@id":"https:\/\/ihlo.ihlo.eu\/#website"},"datePublished":"2012-12-10T03:33:17+00:00","dateModified":"2012-12-18T18:25:42+00:00","breadcrumb":{"@id":"https:\/\/ihlo.ihlo.eu\/?page_id=39#breadcrumb"},"inLanguage":"de","potentialAction":[{"@type":"ReadAction","target":["https:\/\/ihlo.ihlo.eu\/?page_id=39"]}]},{"@type":"BreadcrumbList","@id":"https:\/\/ihlo.ihlo.eu\/?page_id=39#breadcrumb","itemListElement":[{"@type":"ListItem","position":1,"name":"Home","item":"https:\/\/ihlo.ihlo.eu\/"},{"@type":"ListItem","position":2,"name":"Tourguide","item":"https:\/\/ihlo.ihlo.eu\/?page_id=29"},{"@type":"ListItem","position":3,"name":"Hoch hinaus"}]},{"@type":"WebSite","@id":"https:\/\/ihlo.ihlo.eu\/#website","url":"https:\/\/ihlo.ihlo.eu\/","name":"Peter Ihlo - My Way, Long Distance Coffeetours and the rest","description":"T\u00f6ff - Long Distance Rides und Rallys","potentialAction":[{"@type":"SearchAction","target":{"@type":"EntryPoint","urlTemplate":"https:\/\/ihlo.ihlo.eu\/?s={search_term_string}"},"query-input":{"@type":"PropertyValueSpecification","valueRequired":true,"valueName":"search_term_string"}}],"inLanguage":"de"}]}},"jetpack_sharing_enabled":true,"jetpack_shortlink":"https:\/\/wp.me\/P70R2L-D","jetpack-related-posts":[],"_links":{"self":[{"href":"https:\/\/ihlo.ihlo.eu\/index.php?rest_route=\/wp\/v2\/pages\/39"}],"collection":[{"href":"https:\/\/ihlo.ihlo.eu\/index.php?rest_route=\/wp\/v2\/pages"}],"about":[{"href":"https:\/\/ihlo.ihlo.eu\/index.php?rest_route=\/wp\/v2\/types\/page"}],"author":[{"embeddable":true,"href":"https:\/\/ihlo.ihlo.eu\/index.php?rest_route=\/wp\/v2\/users\/2"}],"replies":[{"embeddable":true,"href":"https:\/\/ihlo.ihlo.eu\/index.php?rest_route=%2Fwp%2Fv2%2Fcomments&post=39"}],"version-history":[{"count":5,"href":"https:\/\/ihlo.ihlo.eu\/index.php?rest_route=\/wp\/v2\/pages\/39\/revisions"}],"predecessor-version":[{"id":199,"href":"https:\/\/ihlo.ihlo.eu\/index.php?rest_route=\/wp\/v2\/pages\/39\/revisions\/199"}],"up":[{"embeddable":true,"href":"https:\/\/ihlo.ihlo.eu\/index.php?rest_route=\/wp\/v2\/pages\/29"}],"wp:attachment":[{"href":"https:\/\/ihlo.ihlo.eu\/index.php?rest_route=%2Fwp%2Fv2%2Fmedia&parent=39"}],"curies":[{"name":"wp","href":"https:\/\/api.w.org\/{rel}","templated":true}]}}