{"id":34,"date":"2012-12-10T05:31:51","date_gmt":"2012-12-10T04:31:51","guid":{"rendered":"http:\/\/pihlo.rtwblog.de\/?page_id=34"},"modified":"2012-12-29T10:33:48","modified_gmt":"2012-12-29T09:33:48","slug":"hinterhoefe","status":"publish","type":"page","link":"https:\/\/ihlo.ihlo.eu\/?page_id=34","title":{"rendered":"Hinterh\u00f6fe"},"content":{"rendered":"<p>ngg_shortcode_0_placeholderBei der Hinterh\u00f6fe Tour handelt es sich um einen 200km Kurs \u00f6stlich des Z\u00fcrich. Diese Tour ist eine Ideale Sontagstour und wurde schon oft durchgef\u00fchrt. Dabei sind bis zu 38 Motorr\u00e4der dabei gewesen!<\/p>\n<p>Von <a title=\"F\u00e4hranleger Meilen\" href=\"http:\/\/www.faehre.ch\/\" target=\"_blank\">F\u00e4hranleger Meilen am Z\u00fcrichsee<\/a> aus geht es durch wunderbare Nebenstrassen (eben &#8222;hinter den H\u00f6fen&#8220;) bis zu ein em Ausflugslokal wo wir Rast machen. Dieses Lokal befindet sich genau 100km vom Ausgangspunkt entfernt.<\/p>\n<p>Danach geht es in vielen Kurven wieder zur\u00fcck, nur das der Endpunkt in Tuggen SZ liegt. Dort beim Verkehrszentrum hat es eine groisse Wirtschaft wo wir am Schluss noch einen Kaffee trinken k\u00f6nnen um dann den Heimweg an zu treten.<\/p>\n<ul>\n<li>Geeignet f\u00fcr beliebig viele Mitfahrer<\/li>\n<li>Tagestour &#8211; 200km<\/li>\n<li>Kosten 20CHF\/Motorrad<\/li>\n<\/ul>\n<p>[gpsies fileId=igzobvfrkcdufrlk show=full]<\/p>\n<h3>Related Images:<\/h3>","protected":false},"excerpt":{"rendered":"<p>Bei der Hinterh\u00f6fe Tour handelt es sich um einen 200km Kurs \u00f6stlich des Z\u00fcrich. Diese Tour ist eine Ideale Sontagstour und wurde schon oft durchgef\u00fchrt. Dabei sind bis zu 38 Motorr\u00e4der dabei gewesen! Von F\u00e4hranleger Meilen am Z\u00fcrichsee aus geht es durch wunderbare Nebenstrassen (eben &#8222;hinter den H\u00f6fen&#8220;) bis zu ein em Ausflugslokal wo wir &hellip; <a href=\"https:\/\/ihlo.ihlo.eu\/?page_id=34\" class=\"more-link\"><span class=\"screen-reader-text\">Hinterh\u00f6fe<\/span> weiterlesen <span class=\"meta-nav\">&rarr;<\/span><\/a><\/p>\n","protected":false},"author":2,"featured_media":0,"parent":29,"menu_order":0,"comment_status":"open","ping_status":"closed","template":"","meta":{"ngg_post_thumbnail":0,"jetpack_post_was_ever_published":false,"footnotes":""},"class_list":["post-34","page","type-page","status-publish","hentry"],"yoast_head":"<!-- This site is optimized with the Yoast SEO plugin v25.6 - https:\/\/yoast.com\/wordpress\/plugins\/seo\/ -->\n<title>Hinterh\u00f6fe - Peter Ihlo - My Way, Long Distance Coffeetours and the rest<\/title>\n<meta name=\"robots\" content=\"index, follow, max-snippet:-1, max-image-preview:large, max-video-preview:-1\" \/>\n<link rel=\"canonical\" href=\"https:\/\/ihlo.ihlo.eu\/?page_id=34\" \/>\n<meta property=\"og:locale\" content=\"de_DE\" \/>\n<meta property=\"og:type\" content=\"article\" \/>\n<meta property=\"og:title\" content=\"Hinterh\u00f6fe - Peter Ihlo - My Way, Long Distance Coffeetours and the rest\" \/>\n<meta property=\"og:description\" content=\"Bei der Hinterh\u00f6fe Tour handelt es sich um einen 200km Kurs \u00f6stlich des Z\u00fcrich. Diese Tour ist eine Ideale Sontagstour und wurde schon oft durchgef\u00fchrt. Dabei sind bis zu 38 Motorr\u00e4der dabei gewesen! Von F\u00e4hranleger Meilen am Z\u00fcrichsee aus geht es durch wunderbare Nebenstrassen (eben &#8222;hinter den H\u00f6fen&#8220;) bis zu ein em Ausflugslokal wo wir &hellip; Hinterh\u00f6fe weiterlesen &rarr;\" \/>\n<meta property=\"og:url\" content=\"https:\/\/ihlo.ihlo.eu\/?page_id=34\" \/>\n<meta property=\"og:site_name\" content=\"Peter Ihlo - My Way, Long Distance Coffeetours and the rest\" \/>\n<meta property=\"article:publisher\" content=\"https:\/\/www.facebook.com\/pihlo99\" \/>\n<meta property=\"article:modified_time\" content=\"2012-12-29T09:33:48+00:00\" \/>\n<meta name=\"twitter:label1\" content=\"Gesch\u00e4tzte Lesezeit\" \/>\n\t<meta name=\"twitter:data1\" content=\"1\u00a0Minute\" \/>\n<script type=\"application\/ld+json\" class=\"yoast-schema-graph\">{\"@context\":\"https:\/\/schema.org\",\"@graph\":[{\"@type\":\"WebPage\",\"@id\":\"https:\/\/ihlo.ihlo.eu\/?page_id=34\",\"url\":\"https:\/\/ihlo.ihlo.eu\/?page_id=34\",\"name\":\"Hinterh\u00f6fe - Peter Ihlo - My Way, Long Distance Coffeetours and the rest\",\"isPartOf\":{\"@id\":\"https:\/\/ihlo.ihlo.eu\/#website\"},\"datePublished\":\"2012-12-10T04:31:51+00:00\",\"dateModified\":\"2012-12-29T09:33:48+00:00\",\"breadcrumb\":{\"@id\":\"https:\/\/ihlo.ihlo.eu\/?page_id=34#breadcrumb\"},\"inLanguage\":\"de\",\"potentialAction\":[{\"@type\":\"ReadAction\",\"target\":[\"https:\/\/ihlo.ihlo.eu\/?page_id=34\"]}]},{\"@type\":\"BreadcrumbList\",\"@id\":\"https:\/\/ihlo.ihlo.eu\/?page_id=34#breadcrumb\",\"itemListElement\":[{\"@type\":\"ListItem\",\"position\":1,\"name\":\"Home\",\"item\":\"https:\/\/ihlo.ihlo.eu\/\"},{\"@type\":\"ListItem\",\"position\":2,\"name\":\"Tourguide\",\"item\":\"https:\/\/ihlo.ihlo.eu\/?page_id=29\"},{\"@type\":\"ListItem\",\"position\":3,\"name\":\"Hinterh\u00f6fe\"}]},{\"@type\":\"WebSite\",\"@id\":\"https:\/\/ihlo.ihlo.eu\/#website\",\"url\":\"https:\/\/ihlo.ihlo.eu\/\",\"name\":\"Peter Ihlo - My Way, Long Distance Coffeetours and the rest\",\"description\":\"T\u00f6ff - Long Distance Rides und Rallys\",\"potentialAction\":[{\"@type\":\"SearchAction\",\"target\":{\"@type\":\"EntryPoint\",\"urlTemplate\":\"https:\/\/ihlo.ihlo.eu\/?s={search_term_string}\"},\"query-input\":{\"@type\":\"PropertyValueSpecification\",\"valueRequired\":true,\"valueName\":\"search_term_string\"}}],\"inLanguage\":\"de\"}]}<\/script>\n<!-- \/ Yoast SEO plugin. -->","yoast_head_json":{"title":"Hinterh\u00f6fe - Peter Ihlo - My Way, Long Distance Coffeetours and the rest","robots":{"index":"index","follow":"follow","max-snippet":"max-snippet:-1","max-image-preview":"max-image-preview:large","max-video-preview":"max-video-preview:-1"},"canonical":"https:\/\/ihlo.ihlo.eu\/?page_id=34","og_locale":"de_DE","og_type":"article","og_title":"Hinterh\u00f6fe - Peter Ihlo - My Way, Long Distance Coffeetours and the rest","og_description":"Bei der Hinterh\u00f6fe Tour handelt es sich um einen 200km Kurs \u00f6stlich des Z\u00fcrich. Diese Tour ist eine Ideale Sontagstour und wurde schon oft durchgef\u00fchrt. Dabei sind bis zu 38 Motorr\u00e4der dabei gewesen! Von F\u00e4hranleger Meilen am Z\u00fcrichsee aus geht es durch wunderbare Nebenstrassen (eben &#8222;hinter den H\u00f6fen&#8220;) bis zu ein em Ausflugslokal wo wir &hellip; Hinterh\u00f6fe weiterlesen &rarr;","og_url":"https:\/\/ihlo.ihlo.eu\/?page_id=34","og_site_name":"Peter Ihlo - My Way, Long Distance Coffeetours and the rest","article_publisher":"https:\/\/www.facebook.com\/pihlo99","article_modified_time":"2012-12-29T09:33:48+00:00","twitter_misc":{"Gesch\u00e4tzte Lesezeit":"1\u00a0Minute"},"schema":{"@context":"https:\/\/schema.org","@graph":[{"@type":"WebPage","@id":"https:\/\/ihlo.ihlo.eu\/?page_id=34","url":"https:\/\/ihlo.ihlo.eu\/?page_id=34","name":"Hinterh\u00f6fe - Peter Ihlo - My Way, Long Distance Coffeetours and the rest","isPartOf":{"@id":"https:\/\/ihlo.ihlo.eu\/#website"},"datePublished":"2012-12-10T04:31:51+00:00","dateModified":"2012-12-29T09:33:48+00:00","breadcrumb":{"@id":"https:\/\/ihlo.ihlo.eu\/?page_id=34#breadcrumb"},"inLanguage":"de","potentialAction":[{"@type":"ReadAction","target":["https:\/\/ihlo.ihlo.eu\/?page_id=34"]}]},{"@type":"BreadcrumbList","@id":"https:\/\/ihlo.ihlo.eu\/?page_id=34#breadcrumb","itemListElement":[{"@type":"ListItem","position":1,"name":"Home","item":"https:\/\/ihlo.ihlo.eu\/"},{"@type":"ListItem","position":2,"name":"Tourguide","item":"https:\/\/ihlo.ihlo.eu\/?page_id=29"},{"@type":"ListItem","position":3,"name":"Hinterh\u00f6fe"}]},{"@type":"WebSite","@id":"https:\/\/ihlo.ihlo.eu\/#website","url":"https:\/\/ihlo.ihlo.eu\/","name":"Peter Ihlo - My Way, Long Distance Coffeetours and the rest","description":"T\u00f6ff - Long Distance Rides und Rallys","potentialAction":[{"@type":"SearchAction","target":{"@type":"EntryPoint","urlTemplate":"https:\/\/ihlo.ihlo.eu\/?s={search_term_string}"},"query-input":{"@type":"PropertyValueSpecification","valueRequired":true,"valueName":"search_term_string"}}],"inLanguage":"de"}]}},"jetpack_sharing_enabled":true,"jetpack_shortlink":"https:\/\/wp.me\/P70R2L-y","jetpack-related-posts":[],"_links":{"self":[{"href":"https:\/\/ihlo.ihlo.eu\/index.php?rest_route=\/wp\/v2\/pages\/34"}],"collection":[{"href":"https:\/\/ihlo.ihlo.eu\/index.php?rest_route=\/wp\/v2\/pages"}],"about":[{"href":"https:\/\/ihlo.ihlo.eu\/index.php?rest_route=\/wp\/v2\/types\/page"}],"author":[{"embeddable":true,"href":"https:\/\/ihlo.ihlo.eu\/index.php?rest_route=\/wp\/v2\/users\/2"}],"replies":[{"embeddable":true,"href":"https:\/\/ihlo.ihlo.eu\/index.php?rest_route=%2Fwp%2Fv2%2Fcomments&post=34"}],"version-history":[{"count":7,"href":"https:\/\/ihlo.ihlo.eu\/index.php?rest_route=\/wp\/v2\/pages\/34\/revisions"}],"predecessor-version":[{"id":341,"href":"https:\/\/ihlo.ihlo.eu\/index.php?rest_route=\/wp\/v2\/pages\/34\/revisions\/341"}],"up":[{"embeddable":true,"href":"https:\/\/ihlo.ihlo.eu\/index.php?rest_route=\/wp\/v2\/pages\/29"}],"wp:attachment":[{"href":"https:\/\/ihlo.ihlo.eu\/index.php?rest_route=%2Fwp%2Fv2%2Fmedia&parent=34"}],"curies":[{"name":"wp","href":"https:\/\/api.w.org\/{rel}","templated":true}]}}