{"id":25,"date":"2012-12-05T08:17:36","date_gmt":"2012-12-05T06:17:36","guid":{"rendered":"http:\/\/pihlo.rtwblog.de\/?page_id=2"},"modified":"2017-05-16T19:52:29","modified_gmt":"2017-05-16T18:52:29","slug":"beispiel-seite-2","status":"publish","type":"page","link":"https:\/\/ihlo.ihlo.eu\/?page_id=25","title":{"rendered":"Peter Ihlo"},"content":{"rendered":"<p>Ich bin Peter Ihlo!<a href=\"https:\/\/ihlo.ch\/wordpress\/?attachment_id=97\" rel=\"attachment wp-att-97\"><img data-recalc-dims=\"1\" loading=\"lazy\" decoding=\"async\" data-attachment-id=\"97\" data-permalink=\"https:\/\/ihlo.ihlo.eu\/?attachment_id=97\" data-orig-file=\"https:\/\/i0.wp.com\/ihlo.ihlo.eu\/..\/wpimg\/2012\/12\/P1050519.jpg?fit=1200%2C900&amp;ssl=1\" data-orig-size=\"1200,900\" data-comments-opened=\"1\" data-image-meta=\"{&quot;aperture&quot;:&quot;4&quot;,&quot;credit&quot;:&quot;Picasa&quot;,&quot;camera&quot;:&quot;DMC-FX60&quot;,&quot;caption&quot;:&quot;&quot;,&quot;created_timestamp&quot;:&quot;1354967830&quot;,&quot;copyright&quot;:&quot;&quot;,&quot;focal_length&quot;:&quot;4.5&quot;,&quot;iso&quot;:&quot;80&quot;,&quot;shutter_speed&quot;:&quot;0.005&quot;,&quot;title&quot;:&quot;&quot;}\" data-image-title=\"Der Ritter und sein treuere Gef\u00e4hrte\" data-image-description=\"\" data-image-caption=\"\" data-medium-file=\"https:\/\/i0.wp.com\/ihlo.ihlo.eu\/..\/wpimg\/2012\/12\/P1050519.jpg?fit=300%2C225&amp;ssl=1\" data-large-file=\"https:\/\/i0.wp.com\/ihlo.ihlo.eu\/..\/wpimg\/2012\/12\/P1050519.jpg?fit=474%2C356&amp;ssl=1\" class=\"alignright size-medium wp-image-97\" title=\"Der Ritter und sein treuere Gef\u00e4hrte\" src=\"https:\/\/i0.wp.com\/ihlo.ch\/wordpress\/..\/wpimg\/2012\/12\/P1050519-300x225.jpg?resize=300%2C225&#038;ssl=1\" alt=\"\" width=\"300\" height=\"225\" srcset=\"https:\/\/i0.wp.com\/ihlo.ihlo.eu\/..\/wpimg\/2012\/12\/P1050519.jpg?resize=300%2C225&amp;ssl=1 300w, https:\/\/i0.wp.com\/ihlo.ihlo.eu\/..\/wpimg\/2012\/12\/P1050519.jpg?resize=1024%2C768&amp;ssl=1 1024w, https:\/\/i0.wp.com\/ihlo.ihlo.eu\/..\/wpimg\/2012\/12\/P1050519.jpg?resize=400%2C300&amp;ssl=1 400w, https:\/\/i0.wp.com\/ihlo.ihlo.eu\/..\/wpimg\/2012\/12\/P1050519.jpg?w=1200&amp;ssl=1 1200w, https:\/\/i0.wp.com\/ihlo.ihlo.eu\/..\/wpimg\/2012\/12\/P1050519.jpg?w=948&amp;ssl=1 948w\" sizes=\"(max-width: 300px) 100vw, 300px\" \/><\/a><br \/>\n<a href=\"https:\/\/ihlo.ch\/wordpress\/?attachment_id=12\" rel=\"attachment wp-att-12\"><img data-recalc-dims=\"1\" loading=\"lazy\" decoding=\"async\" data-attachment-id=\"12\" data-permalink=\"https:\/\/ihlo.ihlo.eu\/?attachment_id=12\" data-orig-file=\"https:\/\/i0.wp.com\/ihlo.ihlo.eu\/..\/wpimg\/2012\/12\/P1090257.jpg?fit=600%2C800&amp;ssl=1\" data-orig-size=\"600,800\" data-comments-opened=\"1\" data-image-meta=\"{&quot;aperture&quot;:&quot;2.8&quot;,&quot;credit&quot;:&quot;Picasa&quot;,&quot;camera&quot;:&quot;DMC-FS11&quot;,&quot;caption&quot;:&quot;&quot;,&quot;created_timestamp&quot;:&quot;1347812729&quot;,&quot;copyright&quot;:&quot;&quot;,&quot;focal_length&quot;:&quot;5&quot;,&quot;iso&quot;:&quot;80&quot;,&quot;shutter_speed&quot;:&quot;0.0015625&quot;,&quot;title&quot;:&quot;&quot;}\" data-image-title=\"Peter und die beste Sozia der Welt\" data-image-description=\"\" data-image-caption=\"\" data-medium-file=\"https:\/\/i0.wp.com\/ihlo.ihlo.eu\/..\/wpimg\/2012\/12\/P1090257.jpg?fit=225%2C300&amp;ssl=1\" data-large-file=\"https:\/\/i0.wp.com\/ihlo.ihlo.eu\/..\/wpimg\/2012\/12\/P1090257.jpg?fit=474%2C632&amp;ssl=1\" class=\"alignleft size-medium wp-image-12\" title=\"Peter und die beste Sozia der Welt\" src=\"https:\/\/i0.wp.com\/ihlo.ch\/wordpress\/..\/wpimg\/2012\/12\/P1090257-225x300.jpg?resize=225%2C300&#038;ssl=1\" alt=\"\" width=\"225\" height=\"300\" srcset=\"https:\/\/i0.wp.com\/ihlo.ihlo.eu\/..\/wpimg\/2012\/12\/P1090257.jpg?resize=225%2C300&amp;ssl=1 225w, https:\/\/i0.wp.com\/ihlo.ihlo.eu\/..\/wpimg\/2012\/12\/P1090257.jpg?w=600&amp;ssl=1 600w\" sizes=\"(max-width: 225px) 100vw, 225px\" \/><\/a><\/p>\n<p>Geboren im sch\u00f6nen <a href=\"http:\/\/www.duisburg.de\">Duisburg<\/a> anno 1961.<\/p>\n<p>Ich lebe seit 2008 in der <a href=\"http:\/\/www.schweiz.ch\">Schweiz<\/a>. Dort arbeite ich asl Senior Instructor und Consultant f\u00fcr Bankensoftware bei der Firma <a href=\"http:\/\/www.avaloq.ch\">Avaloq<\/a><\/p>\n<p>In meiner Freizeit fahre ich leidenschaftlich gerne Motorrad. Hier in der Schweiz hei\u00dft es allerdings &#8222;T\u00f6ff fahren&#8220;.<br \/>\nIch habe zwei T\u00f6ffs mit denen ich das ganze Jahr unterwegs bin: eine Honda Pan European f\u00fcr die Langstrecke und einen Yamaha TMax500 f\u00fcr den Alltag. Mit beiden zusammen komme ich auf rund 60.000km\/Jahr. Den aktuellen Wert kannst Du immer bei den <a href=\"http:\/\/www.ruhrpott-viller.de\/kilometerfresser\/kilometerfresserrangliste.htm\">Kilometerfressern<\/a> sehen.<\/p>\n<p>Auf diesem Blog erz\u00e4hle ich euch wo ich gerade bin und was ich so tue wenn ich auf Reisen gehe. Und in menem Job reise ich h\u00e4ufig.<\/p>\n<p>&nbsp;<\/p>\n<p>Und das Lied beschreibt meine Lebenseinstellung&#8230;<\/p>\n<p><iframe loading=\"lazy\" src=\"http:\/\/www.youtube.com\/embed\/37yWuPDrxro\" allowfullscreen=\"allowfullscreen\" width=\"560\" height=\"315\" frameborder=\"0\"><\/iframe><br \/>\n&nbsp;<\/p>\n<h3>Related Images:<\/h3>","protected":false},"excerpt":{"rendered":"<p>Ich bin Peter Ihlo! Geboren im sch\u00f6nen Duisburg anno 1961. Ich lebe seit 2008 in der Schweiz. Dort arbeite ich asl Senior Instructor und Consultant f\u00fcr Bankensoftware bei der Firma Avaloq In meiner Freizeit fahre ich leidenschaftlich gerne Motorrad. Hier in der Schweiz hei\u00dft es allerdings &#8222;T\u00f6ff fahren&#8220;. Ich habe zwei T\u00f6ffs mit denen ich &hellip; <a href=\"https:\/\/ihlo.ihlo.eu\/?page_id=25\" class=\"more-link\"><span class=\"screen-reader-text\">Peter Ihlo<\/span> weiterlesen <span class=\"meta-nav\">&rarr;<\/span><\/a><\/p>\n","protected":false},"author":2,"featured_media":14,"parent":1360,"menu_order":0,"comment_status":"open","ping_status":"closed","template":"","meta":{"ngg_post_thumbnail":0,"jetpack_post_was_ever_published":false,"footnotes":""},"class_list":["post-25","page","type-page","status-publish","has-post-thumbnail","hentry"],"yoast_head":"<!-- This site is optimized with the Yoast SEO plugin v25.6 - https:\/\/yoast.com\/wordpress\/plugins\/seo\/ -->\n<title>Peter Ihlo - Peter Ihlo - My Way, Long Distance Coffeetours and the rest<\/title>\n<meta name=\"robots\" content=\"index, follow, max-snippet:-1, max-image-preview:large, max-video-preview:-1\" \/>\n<link rel=\"canonical\" href=\"https:\/\/ihlo.ihlo.eu\/?page_id=25\" \/>\n<meta property=\"og:locale\" content=\"de_DE\" \/>\n<meta property=\"og:type\" content=\"article\" \/>\n<meta property=\"og:title\" content=\"Peter Ihlo - Peter Ihlo - My Way, Long Distance Coffeetours and the rest\" \/>\n<meta property=\"og:description\" content=\"Ich bin Peter Ihlo! Geboren im sch\u00f6nen Duisburg anno 1961. Ich lebe seit 2008 in der Schweiz. Dort arbeite ich asl Senior Instructor und Consultant f\u00fcr Bankensoftware bei der Firma Avaloq In meiner Freizeit fahre ich leidenschaftlich gerne Motorrad. Hier in der Schweiz hei\u00dft es allerdings &#8222;T\u00f6ff fahren&#8220;. Ich habe zwei T\u00f6ffs mit denen ich &hellip; Peter Ihlo weiterlesen &rarr;\" \/>\n<meta property=\"og:url\" content=\"https:\/\/ihlo.ihlo.eu\/?page_id=25\" \/>\n<meta property=\"og:site_name\" content=\"Peter Ihlo - My Way, Long Distance Coffeetours and the rest\" \/>\n<meta property=\"article:publisher\" content=\"https:\/\/www.facebook.com\/pihlo99\" \/>\n<meta property=\"article:modified_time\" content=\"2017-05-16T18:52:29+00:00\" \/>\n<meta property=\"og:image\" content=\"https:\/\/i0.wp.com\/ihlo.ihlo.eu\/..\/wpimg\/2012\/12\/P1090681.jpg?fit=600%2C800&ssl=1\" \/>\n\t<meta property=\"og:image:width\" content=\"600\" \/>\n\t<meta property=\"og:image:height\" content=\"800\" \/>\n\t<meta property=\"og:image:type\" content=\"image\/jpeg\" \/>\n<meta name=\"twitter:label1\" content=\"Gesch\u00e4tzte Lesezeit\" \/>\n\t<meta name=\"twitter:data1\" content=\"1\u00a0Minute\" \/>\n<script type=\"application\/ld+json\" class=\"yoast-schema-graph\">{\"@context\":\"https:\/\/schema.org\",\"@graph\":[{\"@type\":\"WebPage\",\"@id\":\"https:\/\/ihlo.ihlo.eu\/?page_id=25\",\"url\":\"https:\/\/ihlo.ihlo.eu\/?page_id=25\",\"name\":\"Peter Ihlo - Peter Ihlo - My Way, Long Distance Coffeetours and the rest\",\"isPartOf\":{\"@id\":\"https:\/\/ihlo.ihlo.eu\/#website\"},\"primaryImageOfPage\":{\"@id\":\"https:\/\/ihlo.ihlo.eu\/?page_id=25#primaryimage\"},\"image\":{\"@id\":\"https:\/\/ihlo.ihlo.eu\/?page_id=25#primaryimage\"},\"thumbnailUrl\":\"https:\/\/i0.wp.com\/ihlo.ihlo.eu\/..\/wpimg\/2012\/12\/P1090681.jpg?fit=600%2C800&ssl=1\",\"datePublished\":\"2012-12-05T06:17:36+00:00\",\"dateModified\":\"2017-05-16T18:52:29+00:00\",\"breadcrumb\":{\"@id\":\"https:\/\/ihlo.ihlo.eu\/?page_id=25#breadcrumb\"},\"inLanguage\":\"de\",\"potentialAction\":[{\"@type\":\"ReadAction\",\"target\":[\"https:\/\/ihlo.ihlo.eu\/?page_id=25\"]}]},{\"@type\":\"ImageObject\",\"inLanguage\":\"de\",\"@id\":\"https:\/\/ihlo.ihlo.eu\/?page_id=25#primaryimage\",\"url\":\"https:\/\/i0.wp.com\/ihlo.ihlo.eu\/..\/wpimg\/2012\/12\/P1090681.jpg?fit=600%2C800&ssl=1\",\"contentUrl\":\"https:\/\/i0.wp.com\/ihlo.ihlo.eu\/..\/wpimg\/2012\/12\/P1090681.jpg?fit=600%2C800&ssl=1\",\"width\":\"600\",\"height\":\"800\"},{\"@type\":\"BreadcrumbList\",\"@id\":\"https:\/\/ihlo.ihlo.eu\/?page_id=25#breadcrumb\",\"itemListElement\":[{\"@type\":\"ListItem\",\"position\":1,\"name\":\"Home\",\"item\":\"https:\/\/ihlo.ihlo.eu\/\"},{\"@type\":\"ListItem\",\"position\":2,\"name\":\"About&#8230;\",\"item\":\"https:\/\/ihlo.ihlo.eu\/?page_id=1360\"},{\"@type\":\"ListItem\",\"position\":3,\"name\":\"Peter Ihlo\"}]},{\"@type\":\"WebSite\",\"@id\":\"https:\/\/ihlo.ihlo.eu\/#website\",\"url\":\"https:\/\/ihlo.ihlo.eu\/\",\"name\":\"Peter Ihlo - My Way, Long Distance Coffeetours and the rest\",\"description\":\"T\u00f6ff - Long Distance Rides und Rallys\",\"potentialAction\":[{\"@type\":\"SearchAction\",\"target\":{\"@type\":\"EntryPoint\",\"urlTemplate\":\"https:\/\/ihlo.ihlo.eu\/?s={search_term_string}\"},\"query-input\":{\"@type\":\"PropertyValueSpecification\",\"valueRequired\":true,\"valueName\":\"search_term_string\"}}],\"inLanguage\":\"de\"}]}<\/script>\n<!-- \/ Yoast SEO plugin. -->","yoast_head_json":{"title":"Peter Ihlo - Peter Ihlo - My Way, Long Distance Coffeetours and the rest","robots":{"index":"index","follow":"follow","max-snippet":"max-snippet:-1","max-image-preview":"max-image-preview:large","max-video-preview":"max-video-preview:-1"},"canonical":"https:\/\/ihlo.ihlo.eu\/?page_id=25","og_locale":"de_DE","og_type":"article","og_title":"Peter Ihlo - Peter Ihlo - My Way, Long Distance Coffeetours and the rest","og_description":"Ich bin Peter Ihlo! Geboren im sch\u00f6nen Duisburg anno 1961. Ich lebe seit 2008 in der Schweiz. Dort arbeite ich asl Senior Instructor und Consultant f\u00fcr Bankensoftware bei der Firma Avaloq In meiner Freizeit fahre ich leidenschaftlich gerne Motorrad. Hier in der Schweiz hei\u00dft es allerdings &#8222;T\u00f6ff fahren&#8220;. Ich habe zwei T\u00f6ffs mit denen ich &hellip; Peter Ihlo weiterlesen &rarr;","og_url":"https:\/\/ihlo.ihlo.eu\/?page_id=25","og_site_name":"Peter Ihlo - My Way, Long Distance Coffeetours and the rest","article_publisher":"https:\/\/www.facebook.com\/pihlo99","article_modified_time":"2017-05-16T18:52:29+00:00","og_image":[{"width":600,"height":800,"url":"https:\/\/i0.wp.com\/ihlo.ihlo.eu\/..\/wpimg\/2012\/12\/P1090681.jpg?fit=600%2C800&ssl=1","type":"image\/jpeg"}],"twitter_misc":{"Gesch\u00e4tzte Lesezeit":"1\u00a0Minute"},"schema":{"@context":"https:\/\/schema.org","@graph":[{"@type":"WebPage","@id":"https:\/\/ihlo.ihlo.eu\/?page_id=25","url":"https:\/\/ihlo.ihlo.eu\/?page_id=25","name":"Peter Ihlo - Peter Ihlo - My Way, Long Distance Coffeetours and the rest","isPartOf":{"@id":"https:\/\/ihlo.ihlo.eu\/#website"},"primaryImageOfPage":{"@id":"https:\/\/ihlo.ihlo.eu\/?page_id=25#primaryimage"},"image":{"@id":"https:\/\/ihlo.ihlo.eu\/?page_id=25#primaryimage"},"thumbnailUrl":"https:\/\/i0.wp.com\/ihlo.ihlo.eu\/..\/wpimg\/2012\/12\/P1090681.jpg?fit=600%2C800&ssl=1","datePublished":"2012-12-05T06:17:36+00:00","dateModified":"2017-05-16T18:52:29+00:00","breadcrumb":{"@id":"https:\/\/ihlo.ihlo.eu\/?page_id=25#breadcrumb"},"inLanguage":"de","potentialAction":[{"@type":"ReadAction","target":["https:\/\/ihlo.ihlo.eu\/?page_id=25"]}]},{"@type":"ImageObject","inLanguage":"de","@id":"https:\/\/ihlo.ihlo.eu\/?page_id=25#primaryimage","url":"https:\/\/i0.wp.com\/ihlo.ihlo.eu\/..\/wpimg\/2012\/12\/P1090681.jpg?fit=600%2C800&ssl=1","contentUrl":"https:\/\/i0.wp.com\/ihlo.ihlo.eu\/..\/wpimg\/2012\/12\/P1090681.jpg?fit=600%2C800&ssl=1","width":"600","height":"800"},{"@type":"BreadcrumbList","@id":"https:\/\/ihlo.ihlo.eu\/?page_id=25#breadcrumb","itemListElement":[{"@type":"ListItem","position":1,"name":"Home","item":"https:\/\/ihlo.ihlo.eu\/"},{"@type":"ListItem","position":2,"name":"About&#8230;","item":"https:\/\/ihlo.ihlo.eu\/?page_id=1360"},{"@type":"ListItem","position":3,"name":"Peter Ihlo"}]},{"@type":"WebSite","@id":"https:\/\/ihlo.ihlo.eu\/#website","url":"https:\/\/ihlo.ihlo.eu\/","name":"Peter Ihlo - My Way, Long Distance Coffeetours and the rest","description":"T\u00f6ff - Long Distance Rides und Rallys","potentialAction":[{"@type":"SearchAction","target":{"@type":"EntryPoint","urlTemplate":"https:\/\/ihlo.ihlo.eu\/?s={search_term_string}"},"query-input":{"@type":"PropertyValueSpecification","valueRequired":true,"valueName":"search_term_string"}}],"inLanguage":"de"}]}},"jetpack_sharing_enabled":true,"jetpack_shortlink":"https:\/\/wp.me\/P70R2L-p","jetpack-related-posts":[],"_links":{"self":[{"href":"https:\/\/ihlo.ihlo.eu\/index.php?rest_route=\/wp\/v2\/pages\/25"}],"collection":[{"href":"https:\/\/ihlo.ihlo.eu\/index.php?rest_route=\/wp\/v2\/pages"}],"about":[{"href":"https:\/\/ihlo.ihlo.eu\/index.php?rest_route=\/wp\/v2\/types\/page"}],"author":[{"embeddable":true,"href":"https:\/\/ihlo.ihlo.eu\/index.php?rest_route=\/wp\/v2\/users\/2"}],"replies":[{"embeddable":true,"href":"https:\/\/ihlo.ihlo.eu\/index.php?rest_route=%2Fwp%2Fv2%2Fcomments&post=25"}],"version-history":[{"count":12,"href":"https:\/\/ihlo.ihlo.eu\/index.php?rest_route=\/wp\/v2\/pages\/25\/revisions"}],"predecessor-version":[{"id":2415,"href":"https:\/\/ihlo.ihlo.eu\/index.php?rest_route=\/wp\/v2\/pages\/25\/revisions\/2415"}],"up":[{"embeddable":true,"href":"https:\/\/ihlo.ihlo.eu\/index.php?rest_route=\/wp\/v2\/pages\/1360"}],"wp:featuredmedia":[{"embeddable":true,"href":"https:\/\/ihlo.ihlo.eu\/index.php?rest_route=\/wp\/v2\/media\/14"}],"wp:attachment":[{"href":"https:\/\/ihlo.ihlo.eu\/index.php?rest_route=%2Fwp%2Fv2%2Fmedia&parent=25"}],"curies":[{"name":"wp","href":"https:\/\/api.w.org\/{rel}","templated":true}]}}