{"id":1868,"date":"2017-01-14T16:36:21","date_gmt":"2017-01-14T15:36:21","guid":{"rendered":"http:\/\/www.ihlo.ch\/wordpress\/?page_id=1868"},"modified":"2017-01-30T15:47:22","modified_gmt":"2017-01-30T14:47:22","slug":"m12ch-2017","status":"publish","type":"page","link":"https:\/\/ihlo.ihlo.eu\/?page_id=1868","title":{"rendered":"M12CH 2017"},"content":{"rendered":"<p>Eine <strong>Schnitzeljagd<\/strong> mit dem Motorrad durch die <a href=\"https:\/\/de.wikipedia.org\/wiki\/Schweiz\"><strong>Schweiz<\/strong> <\/a>zu bekannten und unbekannten Orten. Du hast die M\u00f6glichkeit das <a href=\"https:\/\/de.wikipedia.org\/wiki\/Ende_der_Welt\"><em>Ende der Welt<\/em><\/a> zu besuchen, <em>Asterix und Obelix <\/em>zu sehen, <em>Grenzen zu erfahren<\/em>, <em>Schoko<\/em> und <em>K\u00e4se<\/em> Hersteller zu besuchen, ein <em>Nashorn<\/em> zu streicheln und 1000 Kurven zu geniessen.<\/p>\n<ul>\n<li><strong>Wann<\/strong>: 23.09.2017<\/li>\n<li><strong>Start<\/strong>: beliebieger Ort zwischen 05:30&#8230;06:30 Uhr<\/li>\n<li><strong>Ziel<\/strong>: <a href=\"https:\/\/www.pfadihuuslachen.ch\/\">Pfadihuus Lachen<\/a><\/li>\n<li><strong>Unkostenbeitrag<\/strong>: 40 CHF (incl. Patch, Urkunde, Abendessen)<\/li>\n<\/ul>\n<h1><strong>Worum geht es?<\/strong><\/h1>\n<p>Die Schweiz besteht aus <a href=\"http:\/\/schweizer-kantone-orte.websieb.info\/\">26 Kantonen<\/a> \u2013 in jedem Kanton gibt es K\u00e4sereien, Chocolatiers und andere Bonuspunkte mit Charakter. Du bekommst Tage vor dem Start ein Email mit den m\u00f6glichen Bonuspunkten (GPX, GDB) und ein Begleitbuch (das \u201eRally Buch\u201c). Die Punkte haben unterschiedliche Werte und es sind mehr Punkte vorhanden als Du in 12h anfahren kannst. Jeden Punkt den Du anf\u00e4hrst must Du mit einem Foto dokumentieren.<\/p>\n<figure id=\"attachment_2389\" aria-describedby=\"caption-attachment-2389\" style=\"width: 244px\" class=\"wp-caption alignright\"><a href=\"https:\/\/ihlo.ch\/wordpress\/?attachment_id=2389\" rel=\"attachment wp-att-2389\"><img data-recalc-dims=\"1\" loading=\"lazy\" decoding=\"async\" data-attachment-id=\"2389\" data-permalink=\"https:\/\/ihlo.ihlo.eu\/?attachment_id=2389\" data-orig-file=\"https:\/\/i0.wp.com\/ihlo.ihlo.eu\/..\/wpimg\/2017\/01\/Aktuell-DEC-1.jpg?fit=1246%2C755&amp;ssl=1\" data-orig-size=\"1246,755\" data-comments-opened=\"1\" data-image-meta=\"{&quot;aperture&quot;:&quot;0&quot;,&quot;credit&quot;:&quot;Peter Ihlo&quot;,&quot;camera&quot;:&quot;&quot;,&quot;caption&quot;:&quot;&quot;,&quot;created_timestamp&quot;:&quot;1482183447&quot;,&quot;copyright&quot;:&quot;&quot;,&quot;focal_length&quot;:&quot;0&quot;,&quot;iso&quot;:&quot;0&quot;,&quot;shutter_speed&quot;:&quot;0&quot;,&quot;title&quot;:&quot;&quot;,&quot;orientation&quot;:&quot;0&quot;}\" data-image-title=\"Aktuell-DEC\" data-image-description=\"\" data-image-caption=\"\" data-medium-file=\"https:\/\/i0.wp.com\/ihlo.ihlo.eu\/..\/wpimg\/2017\/01\/Aktuell-DEC-1.jpg?fit=300%2C182&amp;ssl=1\" data-large-file=\"https:\/\/i0.wp.com\/ihlo.ihlo.eu\/..\/wpimg\/2017\/01\/Aktuell-DEC-1.jpg?fit=474%2C287&amp;ssl=1\" width=\"244\" height=\"148\" class=\"wp-image-2389\" alt=\"M12CH Ziele\" src=\"https:\/\/i0.wp.com\/ihlo.ch\/wordpress\/..\/wpimg\/2017\/01\/Aktuell-DEC-1-300x182.jpg?resize=244%2C148&#038;ssl=1\" srcset=\"https:\/\/i0.wp.com\/ihlo.ihlo.eu\/..\/wpimg\/2017\/01\/Aktuell-DEC-1.jpg?resize=300%2C182&amp;ssl=1 300w, https:\/\/i0.wp.com\/ihlo.ihlo.eu\/..\/wpimg\/2017\/01\/Aktuell-DEC-1.jpg?resize=768%2C465&amp;ssl=1 768w, https:\/\/i0.wp.com\/ihlo.ihlo.eu\/..\/wpimg\/2017\/01\/Aktuell-DEC-1.jpg?resize=1024%2C620&amp;ssl=1 1024w, https:\/\/i0.wp.com\/ihlo.ihlo.eu\/..\/wpimg\/2017\/01\/Aktuell-DEC-1.jpg?w=1246&amp;ssl=1 1246w, https:\/\/i0.wp.com\/ihlo.ihlo.eu\/..\/wpimg\/2017\/01\/Aktuell-DEC-1.jpg?w=948&amp;ssl=1 948w\" sizes=\"(max-width: 244px) 100vw, 244px\" \/><\/a><figcaption id=\"caption-attachment-2389\" class=\"wp-caption-text\">M12CH Ziele<\/figcaption><\/figure>\n<p>Plane <strong>deine Route<\/strong> innerhalb der vorgegebenen M\u00f6glichkeiten mit dem Ziel den Punktewert zu maximieren. Es gibt zus\u00e4tzlich Punkte f\u00fcr Kombinationen (sogenannte Combos) und f\u00fcr die ein oder andere Sonderaufgabe. Aber \u2013 Du hast <strong>nach dem Start nur 12h<\/strong> Zeitgerechnet ab dem Tanken in der Fr\u00fche.<\/p>\n<p>Bei dieser Rally geht es nicht darum schnell zu sein. Du musst effizient sein. Eine gute Route haben, die Ziele erkennen, dein Bike parkieren, das Foto machen, pr\u00fcfen, um planen, aufsteigen, weiter, weiter, weiter\u2026..<\/p>\n<p>Dies ist eine Veranstaltung der<a href=\"https:\/\/www.ibagermany.de\/\"> IBA Germany.<\/a>&nbsp; Ich bin der Rallymaster (der der zust\u00e4ndig ist das das Material das Du bekommst richtig ist, der alles organisiert und der im zweifel entscheidet)<\/p>\n<p>Das Schokoladenmotorrad wurde mit freundlicher genehmigung der <a href=\"http:\/\/www.confiserie.ch\/\">Firma Bachman<\/a> benutzt.<\/p>\nngg_shortcode_0_placeholder\n<h3>Related Images:<\/h3>","protected":false},"excerpt":{"rendered":"<p>Eine Schnitzeljagd mit dem Motorrad durch die Schweiz zu bekannten und unbekannten Orten. Du hast die M\u00f6glichkeit das Ende der Welt zu besuchen, Asterix und Obelix zu sehen, Grenzen zu erfahren, Schoko und K\u00e4se Hersteller zu besuchen, ein Nashorn zu streicheln und 1000 Kurven zu geniessen. Wann: 23.09.2017 Start: beliebieger Ort zwischen 05:30&#8230;06:30 Uhr Ziel: &hellip; <a href=\"https:\/\/ihlo.ihlo.eu\/?page_id=1868\" class=\"more-link\"><span class=\"screen-reader-text\">M12CH 2017<\/span> weiterlesen <span class=\"meta-nav\">&rarr;<\/span><\/a><\/p>\n","protected":false},"author":2,"featured_media":1866,"parent":0,"menu_order":0,"comment_status":"closed","ping_status":"closed","template":"page-templates\/full-width.php","meta":{"ngg_post_thumbnail":0,"jetpack_post_was_ever_published":false,"footnotes":""},"class_list":["post-1868","page","type-page","status-publish","has-post-thumbnail","hentry"],"yoast_head":"<!-- This site is optimized with the Yoast SEO plugin v25.6 - https:\/\/yoast.com\/wordpress\/plugins\/seo\/ -->\n<title>M12CH 2017 - Peter Ihlo - My Way, Long Distance Coffeetours and the rest<\/title>\n<meta name=\"robots\" content=\"index, follow, max-snippet:-1, max-image-preview:large, max-video-preview:-1\" \/>\n<link rel=\"canonical\" href=\"https:\/\/ihlo.ihlo.eu\/?page_id=1868\" \/>\n<meta property=\"og:locale\" content=\"de_DE\" \/>\n<meta property=\"og:type\" content=\"article\" \/>\n<meta property=\"og:title\" content=\"M12CH - Motorrad Foto Safari\" \/>\n<meta property=\"og:description\" content=\"Eine 12h Suchfahrt auf eigenen Routen durch die ganze Schweiz\" \/>\n<meta property=\"og:url\" content=\"https:\/\/ihlo.ihlo.eu\/?page_id=1868\" \/>\n<meta property=\"og:site_name\" content=\"Peter Ihlo - My Way, Long Distance Coffeetours and the rest\" \/>\n<meta property=\"article:publisher\" content=\"https:\/\/www.facebook.com\/pihlo99\" \/>\n<meta property=\"article:modified_time\" content=\"2017-01-30T14:47:22+00:00\" \/>\n<meta property=\"og:image\" content=\"https:\/\/i0.wp.com\/ihlo.ihlo.eu\/..\/wpimg\/2016\/12\/Kopf.jpg?fit=1039%2C242&ssl=1\" \/>\n\t<meta property=\"og:image:width\" content=\"1039\" \/>\n\t<meta property=\"og:image:height\" content=\"242\" \/>\n\t<meta property=\"og:image:type\" content=\"image\/jpeg\" \/>\n<meta name=\"twitter:label1\" content=\"Gesch\u00e4tzte Lesezeit\" \/>\n\t<meta name=\"twitter:data1\" content=\"2\u00a0Minuten\" \/>\n<script type=\"application\/ld+json\" class=\"yoast-schema-graph\">{\"@context\":\"https:\/\/schema.org\",\"@graph\":[{\"@type\":\"WebPage\",\"@id\":\"https:\/\/ihlo.ihlo.eu\/?page_id=1868\",\"url\":\"https:\/\/ihlo.ihlo.eu\/?page_id=1868\",\"name\":\"M12CH 2017 - Peter Ihlo - My Way, Long Distance Coffeetours and the rest\",\"isPartOf\":{\"@id\":\"https:\/\/ihlo.ihlo.eu\/#website\"},\"primaryImageOfPage\":{\"@id\":\"https:\/\/ihlo.ihlo.eu\/?page_id=1868#primaryimage\"},\"image\":{\"@id\":\"https:\/\/ihlo.ihlo.eu\/?page_id=1868#primaryimage\"},\"thumbnailUrl\":\"https:\/\/i0.wp.com\/ihlo.ihlo.eu\/..\/wpimg\/2016\/12\/Kopf.jpg?fit=1039%2C242&ssl=1\",\"datePublished\":\"2017-01-14T15:36:21+00:00\",\"dateModified\":\"2017-01-30T14:47:22+00:00\",\"breadcrumb\":{\"@id\":\"https:\/\/ihlo.ihlo.eu\/?page_id=1868#breadcrumb\"},\"inLanguage\":\"de\",\"potentialAction\":[{\"@type\":\"ReadAction\",\"target\":[\"https:\/\/ihlo.ihlo.eu\/?page_id=1868\"]}]},{\"@type\":\"ImageObject\",\"inLanguage\":\"de\",\"@id\":\"https:\/\/ihlo.ihlo.eu\/?page_id=1868#primaryimage\",\"url\":\"https:\/\/i0.wp.com\/ihlo.ihlo.eu\/..\/wpimg\/2016\/12\/Kopf.jpg?fit=1039%2C242&ssl=1\",\"contentUrl\":\"https:\/\/i0.wp.com\/ihlo.ihlo.eu\/..\/wpimg\/2016\/12\/Kopf.jpg?fit=1039%2C242&ssl=1\",\"width\":1039,\"height\":242,\"caption\":\"A Swiss Rally\"},{\"@type\":\"BreadcrumbList\",\"@id\":\"https:\/\/ihlo.ihlo.eu\/?page_id=1868#breadcrumb\",\"itemListElement\":[{\"@type\":\"ListItem\",\"position\":1,\"name\":\"Home\",\"item\":\"https:\/\/ihlo.ihlo.eu\/\"},{\"@type\":\"ListItem\",\"position\":2,\"name\":\"M12CH 2017\"}]},{\"@type\":\"WebSite\",\"@id\":\"https:\/\/ihlo.ihlo.eu\/#website\",\"url\":\"https:\/\/ihlo.ihlo.eu\/\",\"name\":\"Peter Ihlo - My Way, Long Distance Coffeetours and the rest\",\"description\":\"T\u00f6ff - Long Distance Rides und Rallys\",\"potentialAction\":[{\"@type\":\"SearchAction\",\"target\":{\"@type\":\"EntryPoint\",\"urlTemplate\":\"https:\/\/ihlo.ihlo.eu\/?s={search_term_string}\"},\"query-input\":{\"@type\":\"PropertyValueSpecification\",\"valueRequired\":true,\"valueName\":\"search_term_string\"}}],\"inLanguage\":\"de\"}]}<\/script>\n<!-- \/ Yoast SEO plugin. -->","yoast_head_json":{"title":"M12CH 2017 - Peter Ihlo - My Way, Long Distance Coffeetours and the rest","robots":{"index":"index","follow":"follow","max-snippet":"max-snippet:-1","max-image-preview":"max-image-preview:large","max-video-preview":"max-video-preview:-1"},"canonical":"https:\/\/ihlo.ihlo.eu\/?page_id=1868","og_locale":"de_DE","og_type":"article","og_title":"M12CH - Motorrad Foto Safari","og_description":"Eine 12h Suchfahrt auf eigenen Routen durch die ganze Schweiz","og_url":"https:\/\/ihlo.ihlo.eu\/?page_id=1868","og_site_name":"Peter Ihlo - My Way, Long Distance Coffeetours and the rest","article_publisher":"https:\/\/www.facebook.com\/pihlo99","article_modified_time":"2017-01-30T14:47:22+00:00","og_image":[{"width":1039,"height":242,"url":"https:\/\/i0.wp.com\/ihlo.ihlo.eu\/..\/wpimg\/2016\/12\/Kopf.jpg?fit=1039%2C242&ssl=1","type":"image\/jpeg"}],"twitter_misc":{"Gesch\u00e4tzte Lesezeit":"2\u00a0Minuten"},"schema":{"@context":"https:\/\/schema.org","@graph":[{"@type":"WebPage","@id":"https:\/\/ihlo.ihlo.eu\/?page_id=1868","url":"https:\/\/ihlo.ihlo.eu\/?page_id=1868","name":"M12CH 2017 - Peter Ihlo - My Way, Long Distance Coffeetours and the rest","isPartOf":{"@id":"https:\/\/ihlo.ihlo.eu\/#website"},"primaryImageOfPage":{"@id":"https:\/\/ihlo.ihlo.eu\/?page_id=1868#primaryimage"},"image":{"@id":"https:\/\/ihlo.ihlo.eu\/?page_id=1868#primaryimage"},"thumbnailUrl":"https:\/\/i0.wp.com\/ihlo.ihlo.eu\/..\/wpimg\/2016\/12\/Kopf.jpg?fit=1039%2C242&ssl=1","datePublished":"2017-01-14T15:36:21+00:00","dateModified":"2017-01-30T14:47:22+00:00","breadcrumb":{"@id":"https:\/\/ihlo.ihlo.eu\/?page_id=1868#breadcrumb"},"inLanguage":"de","potentialAction":[{"@type":"ReadAction","target":["https:\/\/ihlo.ihlo.eu\/?page_id=1868"]}]},{"@type":"ImageObject","inLanguage":"de","@id":"https:\/\/ihlo.ihlo.eu\/?page_id=1868#primaryimage","url":"https:\/\/i0.wp.com\/ihlo.ihlo.eu\/..\/wpimg\/2016\/12\/Kopf.jpg?fit=1039%2C242&ssl=1","contentUrl":"https:\/\/i0.wp.com\/ihlo.ihlo.eu\/..\/wpimg\/2016\/12\/Kopf.jpg?fit=1039%2C242&ssl=1","width":1039,"height":242,"caption":"A Swiss Rally"},{"@type":"BreadcrumbList","@id":"https:\/\/ihlo.ihlo.eu\/?page_id=1868#breadcrumb","itemListElement":[{"@type":"ListItem","position":1,"name":"Home","item":"https:\/\/ihlo.ihlo.eu\/"},{"@type":"ListItem","position":2,"name":"M12CH 2017"}]},{"@type":"WebSite","@id":"https:\/\/ihlo.ihlo.eu\/#website","url":"https:\/\/ihlo.ihlo.eu\/","name":"Peter Ihlo - My Way, Long Distance Coffeetours and the rest","description":"T\u00f6ff - Long Distance Rides und Rallys","potentialAction":[{"@type":"SearchAction","target":{"@type":"EntryPoint","urlTemplate":"https:\/\/ihlo.ihlo.eu\/?s={search_term_string}"},"query-input":{"@type":"PropertyValueSpecification","valueRequired":true,"valueName":"search_term_string"}}],"inLanguage":"de"}]}},"jetpack_sharing_enabled":true,"jetpack_shortlink":"https:\/\/wp.me\/P70R2L-u8","jetpack-related-posts":[],"_links":{"self":[{"href":"https:\/\/ihlo.ihlo.eu\/index.php?rest_route=\/wp\/v2\/pages\/1868"}],"collection":[{"href":"https:\/\/ihlo.ihlo.eu\/index.php?rest_route=\/wp\/v2\/pages"}],"about":[{"href":"https:\/\/ihlo.ihlo.eu\/index.php?rest_route=\/wp\/v2\/types\/page"}],"author":[{"embeddable":true,"href":"https:\/\/ihlo.ihlo.eu\/index.php?rest_route=\/wp\/v2\/users\/2"}],"replies":[{"embeddable":true,"href":"https:\/\/ihlo.ihlo.eu\/index.php?rest_route=%2Fwp%2Fv2%2Fcomments&post=1868"}],"version-history":[{"count":7,"href":"https:\/\/ihlo.ihlo.eu\/index.php?rest_route=\/wp\/v2\/pages\/1868\/revisions"}],"predecessor-version":[{"id":2406,"href":"https:\/\/ihlo.ihlo.eu\/index.php?rest_route=\/wp\/v2\/pages\/1868\/revisions\/2406"}],"wp:featuredmedia":[{"embeddable":true,"href":"https:\/\/ihlo.ihlo.eu\/index.php?rest_route=\/wp\/v2\/media\/1866"}],"wp:attachment":[{"href":"https:\/\/ihlo.ihlo.eu\/index.php?rest_route=%2Fwp%2Fv2%2Fmedia&parent=1868"}],"curies":[{"name":"wp","href":"https:\/\/api.w.org\/{rel}","templated":true}]}}