{"id":171,"date":"2012-12-13T03:48:34","date_gmt":"2012-12-13T02:48:34","guid":{"rendered":"http:\/\/www.ihlo.ch\/wordpress\/?page_id=171"},"modified":"2012-12-13T05:09:14","modified_gmt":"2012-12-13T04:09:14","slug":"gedanken-poesie-2","status":"publish","type":"page","link":"https:\/\/ihlo.ihlo.eu\/?page_id=171","title":{"rendered":"Gedanken, Poesie, &#8230;"},"content":{"rendered":"<p>Was soll das wird sich mancher Fragen? Ein Blog das sich mit Reisen besch\u00e4ftigt, und dann so etwas?<\/p>\n<p>Ja \u2013 warum nicht! es sind immer wieder Gedanken da die zu wertvoll sind um sie einfach davon ziehen zu lassen. Gedanken die zum Nachdenken anregen, Trost, Hoffnung oder auch Kraft schenken k\u00f6nnen. Gedanken die dich zum L\u00e4cheln bringen und auch Gedanken die dich an Dinge erinnern die Du vieleicht erlebt hast und die nur \u201cverchh\u00fcttet\u201d sind.<\/p>\n<p>Hier zeige ich euch ein Bild meiner Gedanken. Bewust nicht als einzelne Gedanken sondern als in sich geschlossenen Seiten.<\/p>\n<p>Ich w\u00fcrde mich freuen wenn ich hier und da einen Kommentar von Dir h\u00f6re. Jetzt w\u00fcnsche ich dir viel Spass beim Lesen, schmunzeln, st\u00f6bern, h\u00f6ren, Tr\u00e4umen, \u2026.<\/p>\n<h3>Related Images:<\/h3>","protected":false},"excerpt":{"rendered":"<p>Was soll das wird sich mancher Fragen? Ein Blog das sich mit Reisen besch\u00e4ftigt, und dann so etwas? Ja \u2013 warum nicht! es sind immer wieder Gedanken da die zu wertvoll sind um sie einfach davon ziehen zu lassen. Gedanken die zum Nachdenken anregen, Trost, Hoffnung oder auch Kraft schenken k\u00f6nnen. Gedanken die dich zum &hellip; <a href=\"https:\/\/ihlo.ihlo.eu\/?page_id=171\" class=\"more-link\"><span class=\"screen-reader-text\">Gedanken, Poesie, &#8230;<\/span> weiterlesen <span class=\"meta-nav\">&rarr;<\/span><\/a><\/p>\n","protected":false},"author":2,"featured_media":0,"parent":0,"menu_order":3,"comment_status":"open","ping_status":"closed","template":"","meta":{"ngg_post_thumbnail":0,"jetpack_post_was_ever_published":false,"footnotes":""},"class_list":["post-171","page","type-page","status-publish","hentry"],"yoast_head":"<!-- This site is optimized with the Yoast SEO plugin v25.6 - https:\/\/yoast.com\/wordpress\/plugins\/seo\/ -->\n<title>Gedanken, Poesie, ... - Peter Ihlo - My Way, Long Distance Coffeetours and the rest<\/title>\n<meta name=\"robots\" content=\"index, follow, max-snippet:-1, max-image-preview:large, max-video-preview:-1\" \/>\n<link rel=\"canonical\" href=\"https:\/\/ihlo.ihlo.eu\/?page_id=171\" \/>\n<meta property=\"og:locale\" content=\"de_DE\" \/>\n<meta property=\"og:type\" content=\"article\" \/>\n<meta property=\"og:title\" content=\"Gedanken, Poesie, ... - Peter Ihlo - My Way, Long Distance Coffeetours and the rest\" \/>\n<meta property=\"og:description\" content=\"Was soll das wird sich mancher Fragen? Ein Blog das sich mit Reisen besch\u00e4ftigt, und dann so etwas? Ja \u2013 warum nicht! es sind immer wieder Gedanken da die zu wertvoll sind um sie einfach davon ziehen zu lassen. Gedanken die zum Nachdenken anregen, Trost, Hoffnung oder auch Kraft schenken k\u00f6nnen. Gedanken die dich zum &hellip; Gedanken, Poesie, &#8230; weiterlesen &rarr;\" \/>\n<meta property=\"og:url\" content=\"https:\/\/ihlo.ihlo.eu\/?page_id=171\" \/>\n<meta property=\"og:site_name\" content=\"Peter Ihlo - My Way, Long Distance Coffeetours and the rest\" \/>\n<meta property=\"article:publisher\" content=\"https:\/\/www.facebook.com\/pihlo99\" \/>\n<meta property=\"article:modified_time\" content=\"2012-12-13T04:09:14+00:00\" \/>\n<meta name=\"twitter:label1\" content=\"Gesch\u00e4tzte Lesezeit\" \/>\n\t<meta name=\"twitter:data1\" content=\"1\u00a0Minute\" \/>\n<script type=\"application\/ld+json\" class=\"yoast-schema-graph\">{\"@context\":\"https:\/\/schema.org\",\"@graph\":[{\"@type\":\"WebPage\",\"@id\":\"https:\/\/ihlo.ihlo.eu\/?page_id=171\",\"url\":\"https:\/\/ihlo.ihlo.eu\/?page_id=171\",\"name\":\"Gedanken, Poesie, ... - Peter Ihlo - My Way, Long Distance Coffeetours and the rest\",\"isPartOf\":{\"@id\":\"https:\/\/ihlo.ihlo.eu\/#website\"},\"datePublished\":\"2012-12-13T02:48:34+00:00\",\"dateModified\":\"2012-12-13T04:09:14+00:00\",\"breadcrumb\":{\"@id\":\"https:\/\/ihlo.ihlo.eu\/?page_id=171#breadcrumb\"},\"inLanguage\":\"de\",\"potentialAction\":[{\"@type\":\"ReadAction\",\"target\":[\"https:\/\/ihlo.ihlo.eu\/?page_id=171\"]}]},{\"@type\":\"BreadcrumbList\",\"@id\":\"https:\/\/ihlo.ihlo.eu\/?page_id=171#breadcrumb\",\"itemListElement\":[{\"@type\":\"ListItem\",\"position\":1,\"name\":\"Home\",\"item\":\"https:\/\/ihlo.ihlo.eu\/\"},{\"@type\":\"ListItem\",\"position\":2,\"name\":\"Gedanken, Poesie, &#8230;\"}]},{\"@type\":\"WebSite\",\"@id\":\"https:\/\/ihlo.ihlo.eu\/#website\",\"url\":\"https:\/\/ihlo.ihlo.eu\/\",\"name\":\"Peter Ihlo - My Way, Long Distance Coffeetours and the rest\",\"description\":\"T\u00f6ff - Long Distance Rides und Rallys\",\"potentialAction\":[{\"@type\":\"SearchAction\",\"target\":{\"@type\":\"EntryPoint\",\"urlTemplate\":\"https:\/\/ihlo.ihlo.eu\/?s={search_term_string}\"},\"query-input\":{\"@type\":\"PropertyValueSpecification\",\"valueRequired\":true,\"valueName\":\"search_term_string\"}}],\"inLanguage\":\"de\"}]}<\/script>\n<!-- \/ Yoast SEO plugin. -->","yoast_head_json":{"title":"Gedanken, Poesie, ... - Peter Ihlo - My Way, Long Distance Coffeetours and the rest","robots":{"index":"index","follow":"follow","max-snippet":"max-snippet:-1","max-image-preview":"max-image-preview:large","max-video-preview":"max-video-preview:-1"},"canonical":"https:\/\/ihlo.ihlo.eu\/?page_id=171","og_locale":"de_DE","og_type":"article","og_title":"Gedanken, Poesie, ... - Peter Ihlo - My Way, Long Distance Coffeetours and the rest","og_description":"Was soll das wird sich mancher Fragen? Ein Blog das sich mit Reisen besch\u00e4ftigt, und dann so etwas? Ja \u2013 warum nicht! es sind immer wieder Gedanken da die zu wertvoll sind um sie einfach davon ziehen zu lassen. Gedanken die zum Nachdenken anregen, Trost, Hoffnung oder auch Kraft schenken k\u00f6nnen. Gedanken die dich zum &hellip; Gedanken, Poesie, &#8230; weiterlesen &rarr;","og_url":"https:\/\/ihlo.ihlo.eu\/?page_id=171","og_site_name":"Peter Ihlo - My Way, Long Distance Coffeetours and the rest","article_publisher":"https:\/\/www.facebook.com\/pihlo99","article_modified_time":"2012-12-13T04:09:14+00:00","twitter_misc":{"Gesch\u00e4tzte Lesezeit":"1\u00a0Minute"},"schema":{"@context":"https:\/\/schema.org","@graph":[{"@type":"WebPage","@id":"https:\/\/ihlo.ihlo.eu\/?page_id=171","url":"https:\/\/ihlo.ihlo.eu\/?page_id=171","name":"Gedanken, Poesie, ... - Peter Ihlo - My Way, Long Distance Coffeetours and the rest","isPartOf":{"@id":"https:\/\/ihlo.ihlo.eu\/#website"},"datePublished":"2012-12-13T02:48:34+00:00","dateModified":"2012-12-13T04:09:14+00:00","breadcrumb":{"@id":"https:\/\/ihlo.ihlo.eu\/?page_id=171#breadcrumb"},"inLanguage":"de","potentialAction":[{"@type":"ReadAction","target":["https:\/\/ihlo.ihlo.eu\/?page_id=171"]}]},{"@type":"BreadcrumbList","@id":"https:\/\/ihlo.ihlo.eu\/?page_id=171#breadcrumb","itemListElement":[{"@type":"ListItem","position":1,"name":"Home","item":"https:\/\/ihlo.ihlo.eu\/"},{"@type":"ListItem","position":2,"name":"Gedanken, Poesie, &#8230;"}]},{"@type":"WebSite","@id":"https:\/\/ihlo.ihlo.eu\/#website","url":"https:\/\/ihlo.ihlo.eu\/","name":"Peter Ihlo - My Way, Long Distance Coffeetours and the rest","description":"T\u00f6ff - Long Distance Rides und Rallys","potentialAction":[{"@type":"SearchAction","target":{"@type":"EntryPoint","urlTemplate":"https:\/\/ihlo.ihlo.eu\/?s={search_term_string}"},"query-input":{"@type":"PropertyValueSpecification","valueRequired":true,"valueName":"search_term_string"}}],"inLanguage":"de"}]}},"jetpack_sharing_enabled":true,"jetpack_shortlink":"https:\/\/wp.me\/P70R2L-2L","jetpack-related-posts":[],"_links":{"self":[{"href":"https:\/\/ihlo.ihlo.eu\/index.php?rest_route=\/wp\/v2\/pages\/171"}],"collection":[{"href":"https:\/\/ihlo.ihlo.eu\/index.php?rest_route=\/wp\/v2\/pages"}],"about":[{"href":"https:\/\/ihlo.ihlo.eu\/index.php?rest_route=\/wp\/v2\/types\/page"}],"author":[{"embeddable":true,"href":"https:\/\/ihlo.ihlo.eu\/index.php?rest_route=\/wp\/v2\/users\/2"}],"replies":[{"embeddable":true,"href":"https:\/\/ihlo.ihlo.eu\/index.php?rest_route=%2Fwp%2Fv2%2Fcomments&post=171"}],"version-history":[{"count":2,"href":"https:\/\/ihlo.ihlo.eu\/index.php?rest_route=\/wp\/v2\/pages\/171\/revisions"}],"predecessor-version":[{"id":178,"href":"https:\/\/ihlo.ihlo.eu\/index.php?rest_route=\/wp\/v2\/pages\/171\/revisions\/178"}],"wp:attachment":[{"href":"https:\/\/ihlo.ihlo.eu\/index.php?rest_route=%2Fwp%2Fv2%2Fmedia&parent=171"}],"curies":[{"name":"wp","href":"https:\/\/api.w.org\/{rel}","templated":true}]}}